{"id":5259,"date":"2026-04-06T17:53:50","date_gmt":"2026-04-06T21:53:50","guid":{"rendered":"https:\/\/zigzagzoo.ca\/evenements\/"},"modified":"2026-04-08T13:13:34","modified_gmt":"2026-04-08T17:13:34","slug":"evenements","status":"publish","type":"page","link":"https:\/\/zigzagzoo.ca\/fr\/evenements\/","title":{"rendered":"\u00c9v\u00e9nements Priv\u00e9s"},"content":{"rendered":"","protected":true},"excerpt":{"rendered":"","protected":true},"author":1,"featured_media":0,"parent":0,"menu_order":0,"comment_status":"closed","ping_status":"closed","template":"","meta":{"footnotes":""},"class_list":["post-5259","page","type-page","status-publish","post-password-required","hentry"],"_links":{"self":[{"href":"https:\/\/zigzagzoo.ca\/fr\/wp-json\/wp\/v2\/pages\/5259","targetHints":{"allow":["GET"]}}],"collection":[{"href":"https:\/\/zigzagzoo.ca\/fr\/wp-json\/wp\/v2\/pages"}],"about":[{"href":"https:\/\/zigzagzoo.ca\/fr\/wp-json\/wp\/v2\/types\/page"}],"author":[{"embeddable":true,"href":"https:\/\/zigzagzoo.ca\/fr\/wp-json\/wp\/v2\/users\/1"}],"replies":[{"embeddable":true,"href":"https:\/\/zigzagzoo.ca\/fr\/wp-json\/wp\/v2\/comments?post=5259"}],"version-history":[{"count":82,"href":"https:\/\/zigzagzoo.ca\/fr\/wp-json\/wp\/v2\/pages\/5259\/revisions"}],"predecessor-version":[{"id":5360,"href":"https:\/\/zigzagzoo.ca\/fr\/wp-json\/wp\/v2\/pages\/5259\/revisions\/5360"}],"wp:attachment":[{"href":"https:\/\/zigzagzoo.ca\/fr\/wp-json\/wp\/v2\/media?parent=5259"}],"curies":[{"name":"wp","href":"https:\/\/api.w.org\/{rel}","templated":true}]}}