{"id":4768,"date":"2025-12-09T10:21:28","date_gmt":"2025-12-09T15:21:28","guid":{"rendered":"https:\/\/zigzagzoo.ca\/membership-registration-christmas\/"},"modified":"2025-12-27T10:22:13","modified_gmt":"2025-12-27T15:22:13","slug":"membership-registration-christmas","status":"publish","type":"page","link":"https:\/\/zigzagzoo.ca\/fr\/membership-registration-christmas\/","title":{"rendered":"Membership registration christmas"},"content":{"rendered":"<div class=\"wpb-content-wrapper\"><p>[vc_row][vc_column][vc_column_text css=\u00a0\u00bb\u00a0\u00bb css_params=\u00a0\u00bb\u00a0\u00bb]<\/p>\n<h1 style=\"text-align: center;\">Inscription des membres<\/h1>\n<p>[\/vc_column_text][vc_empty_space css_params=\u00a0\u00bb\u00a0\u00bb][vc_row_inner][vc_column_inner width=\u00a0\u00bb1\/4&Prime;][\/vc_column_inner][vc_column_inner width=\u00a0\u00bb1\/2&Prime; css=\u00a0\u00bb.vc_custom_1760022556816{border-top-width: 3px !important;border-right-width: 3px !important;border-bottom-width: 3px !important;border-left-width: 3px !important;border-left-style: solid !important;border-right-style: solid !important;border-top-style: solid !important;border-bottom-style: solid !important;border-radius: 15px !important;border-color: #b5b5b5 !important;}\u00a0\u00bb css_params=\u00a0\u00bb\u00a0\u00bb][vc_column_text css=\u00a0\u00bb\u00a0\u00bb css_params=\u00a0\u00bb\u00a0\u00bb]<\/p>\n<p style=\"text-align: center;\"><strong>Instructions pour remplir le formulaire d\u2019achat<\/strong><\/p>\n<ul>\n<li style=\"text-align: left;\">Il est <strong>obligatoire<\/strong> d\u2019inscrire le <strong>prenom de l\u2019enfant et sa date de naissance<\/strong> (et non le pr\u00e9nom ou les informations du parent de la carte cr\u00e9dit).<\/li>\n<li style=\"text-align: left;\">Dans le cas o\u00f9 vous inscrivez plusieurs enfants, chaque enfant doit avoir une <strong>adresse courriel distincte correspondante<\/strong>.<\/li>\n<\/ul>\n<p>[\/vc_column_text][vc_single_image image=\u00a0\u00bb4604&Prime; img_size=\u00a0\u00bblarge\u00a0\u00bb alignment=\u00a0\u00bbcenter\u00a0\u00bb css=\u00a0\u00bb\u00a0\u00bb css_params=\u00a0\u00bb\u00a0\u00bb][\/vc_column_inner][vc_column_inner width=\u00a0\u00bb1\/4&Prime;][\/vc_column_inner][\/vc_row_inner][\/vc_column][\/vc_row][vc_row][vc_column][vc_empty_space css_params=\u00a0\u00bb\u00a0\u00bb][vc_separator border_width=\u00a0\u00bb3&Prime; el_width=\u00a0\u00bb70&Prime; css=\u00a0\u00bb\u00a0\u00bb css_params=\u00a0\u00bb\u00a0\u00bb][vc_column_text css=\u00a0\u00bb\u00a0\u00bb text_color=\u00a0\u00bb#009560&Prime; css_params=\u00a0\u00bb\u00a0\u00bb]<\/p>\n<h2 style=\"text-align: center;\">S\u00e9lectionnez l&rsquo;\u00e2ge de votre enfant ci-dessous pour voir les abonnements disponibles:<\/h2>\n<p>[\/vc_column_text][vc_icon icon_fontawesome=\u00a0\u00bbfas fa-angle-down\u00a0\u00bb size=\u00a0\u00bbxl\u00a0\u00bb align=\u00a0\u00bbcenter\u00a0\u00bb css_animation=\u00a0\u00bbfadeInUp\u00a0\u00bb css=\u00a0\u00bb\u00a0\u00bb css_params=\u00a0\u00bb\u00a0\u00bb][vc_tta_tabs spacing=\u00a0\u00bb10&Prime; gap=\u00a0\u00bb35&Prime; alignment=\u00a0\u00bbcenter\u00a0\u00bb active_section=\u00a0\u00bb99&Prime; css_params=\u00a0\u00bb\u00a0\u00bb][vc_tta_section title=\u00a0\u00bb\u00e2g\u00e9s de 1 \u00e0 2 ans\u00a0\u00bb tab_id=\u00a0\u00bb1759939617036-c819eb28-773c\u00a0\u00bb]<div class=\"porto-price-boxes pricing-table  no-borders spaced pricing-table-flat\"><div class=\"row\"><div class=\" col-lg-4 col-md-12\"><div class=\"porto-price-box plan  pricing-tables-rounded pricing-table-1-christmas my-element  wpb_custom_fc9b6fd32701600e2345f9a70db2555e most-popular plan-custom plan-btn-bottom\"><div class=\"plan-ribbon-wrapper\"><div class=\"plan-ribbon\">Noel<\/div><\/div><h3><strong>Abonnement 1 an<\/strong><em class=\"desc\">(\u00e2g\u00e9s de 1 \u00e0 2 ans)<\/em><span class=\"plan-price\"><span class=\"price\"> <\/span><label class=\"price-label\">171.03 $ + tx par an<\/label><\/span><\/h3><ul>\n<li><strong>&#8211; <\/strong>Valide pendant 1 an<\/li>\n<li><strong>&#8211; <\/strong>Acc\u00e8s illimit\u00e9 pour 1 enfant + 1 adulte<\/li>\n<li><strong>&#8211; <\/strong>Un cadeau sp\u00e9cial Zigzagzoo pour le membre<\/li>\n<li><strong>&#8211; <\/strong>5 % de rabais sur un forfait f\u00eate pour le membre<\/li>\n<li><strong>&#8211; <\/strong>2e enfant : 10 % de rabais sur un forfait f\u00eate pour le membre<\/li>\n<li><strong>&#8211; <\/strong>3e enfant : 15 % de rabais sur un forfait f\u00eate pour le membre<\/li>\n<\/ul>\n<a href=\"https:\/\/app.pintuna.com\/membership\/0d078e87-0c1b-4296-b707-50dc08e87658\/register\" target=\"_self\" class=\"btn btn-modern btn-lg btn-default btn-bottom\">Achat<\/a><\/div><\/div><div class=\" col-lg-4 col-md-12\"><div class=\"porto-price-box plan  pricing-tables-rounded  wpb_custom_28666d8245743a0f67dcf7ea87427637 plan-custom plan-btn-bottom\"><h3><strong>Abonnement 1 mois<\/strong><em class=\"desc\">(\u00e2g\u00e9s de 1 \u00e0 2 ans)<\/em><span class=\"plan-price\"><span class=\"price\"> <\/span><label class=\"price-label\">59.99 $ + tx par mois<\/label><\/span><\/h3><ul>\n<li><strong>&#8211; <\/strong>Valide pendant 1 mois<\/li>\n<li><strong>&#8211; <\/strong>Acc\u00e8s illimit\u00e9 pour 1 enfant + 1 adulte<\/li>\n<\/ul>\n<a href=\"https:\/\/app.pintuna.com\/membership\/d712e2b0-5050-412d-8f49-991055afe69e\/register\" target=\"_self\" class=\"btn btn-modern btn-lg btn-default btn-bottom\">Achat<\/a><\/div><\/div><div class=\" col-lg-4 col-md-12\"><div class=\"porto-price-box plan  pricing-tables-rounded  wpb_custom_abeab52b1ed862a6ce0ab0306a358a08 plan-custom plan-btn-bottom\"><h3><strong>Abonnement 3 mois<\/strong><em class=\"desc\">(\u00e2g\u00e9s de 1 \u00e0 2 ans)<\/em><span class=\"plan-price\"><span class=\"price\"> <\/span><label class=\"price-label\">119.99 $ + tx par trimestre<\/label><\/span><\/h3><ul>\n<li><strong>&#8211; <\/strong>Valide pendant 3 mois<\/li>\n<li><strong>&#8211; <\/strong>Acc\u00e8s illimit\u00e9 pour 1 enfant + 1 adulte<\/li>\n<\/ul>\n<a href=\"https:\/\/app.pintuna.com\/membership\/264760d1-4c04-4725-a391-595d77ce4dff\/register\" target=\"_self\" class=\"btn btn-modern btn-lg btn-default btn-bottom\">Achat<\/a><\/div><\/div><\/div><\/div>[\/vc_tta_section][vc_tta_section title=\u00a0\u00bb\u00e2g\u00e9s de 3 \u00e0 12 ans\u00a0\u00bb tab_id=\u00a0\u00bb1759939617042-3369cd81-7b6b\u00a0\u00bb]<div class=\"porto-price-boxes pricing-table  no-borders spaced pricing-table-flat\"><div class=\"row\"><div class=\" col-lg-4 col-md-12\"><div class=\"porto-price-box plan  pricing-tables-rounded pricing-table-1-christmas my-element  wpb_custom_fc9b6fd32701600e2345f9a70db2555e most-popular plan-custom plan-btn-bottom\"><div class=\"plan-ribbon-wrapper\"><div class=\"plan-ribbon\">Noel<\/div><\/div><h3><strong>Abonnement 1 an<\/strong><em class=\"desc\">(\u00e2g\u00e9s de 3 \u00e0 12 ans)<\/em><span class=\"plan-price\"><span class=\"price\"> <\/span><label class=\"price-label\">200.60 $ + tx par an<\/label><\/span><\/h3><ul>\n<li><strong>&#8211; <\/strong>Valide pendant 1 an<\/li>\n<li><strong>&#8211; <\/strong>Acc\u00e8s illimit\u00e9 pour 1 enfant + 1 adulte<\/li>\n<li><strong>&#8211; <\/strong>Un cadeau sp\u00e9cial Zigzagzoo pour le membre<\/li>\n<li><strong>&#8211; <\/strong>5 % de rabais sur un forfait f\u00eate pour le membre<\/li>\n<li><strong>&#8211; <\/strong>2e enfant : 10 % de rabais sur un forfait f\u00eate pour le membre<\/li>\n<li><strong>&#8211; <\/strong>3e enfant : 15 % de rabais sur un forfait f\u00eate pour le membre<\/li>\n<\/ul>\n<a href=\"https:\/\/app.pintuna.com\/membership\/08dc54af-bf51-4dba-a459-7a0eb04eb098\/register\" target=\"_self\" class=\"btn btn-modern btn-lg btn-default btn-bottom\">Achat<\/a><\/div><\/div><div class=\" col-lg-4 col-md-12\"><div class=\"porto-price-box plan  pricing-tables-rounded  wpb_custom_28666d8245743a0f67dcf7ea87427637 plan-custom plan-btn-bottom\"><h3><strong>Abonnement 1 mois<\/strong><em class=\"desc\">(\u00e2g\u00e9s de 3 \u00e0 12 ans)<\/em><span class=\"plan-price\"><span class=\"price\"> <\/span><label class=\"price-label\">74.99 $ + tx par mois<\/label><\/span><\/h3><ul>\n<li><strong>&#8211; <\/strong>Valide pendant 1 mois<\/li>\n<li><strong>&#8211; <\/strong>Acc\u00e8s illimit\u00e9 pour 1 enfant + 1 adulte<\/li>\n<\/ul>\n<a href=\"https:\/\/app.pintuna.com\/membership\/ebca5549-baf8-44d2-a95c-d3d17ae4c4ca\/register\" target=\"_self\" class=\"btn btn-modern btn-lg btn-default btn-bottom\">Achat<\/a><\/div><\/div><div class=\" col-lg-4 col-md-12\"><div class=\"porto-price-box plan  pricing-tables-rounded  wpb_custom_abeab52b1ed862a6ce0ab0306a358a08 plan-custom plan-btn-bottom\"><h3><strong>Abonnement 3 mois<\/strong><em class=\"desc\">(\u00e2g\u00e9s de 3 \u00e0 12 ans)<\/em><span class=\"plan-price\"><span class=\"price\"> <\/span><label class=\"price-label\">174.99 $ + tx par trimestre<\/label><\/span><\/h3><ul>\n<li><strong>&#8211; <\/strong>Valide pendant 3 mois<\/li>\n<li><strong>&#8211; <\/strong>Acc\u00e8s illimit\u00e9 pour 1 enfant + 1 adulte<\/li>\n<\/ul>\n<a href=\"https:\/\/app.pintuna.com\/membership\/c195c542-cd26-4d08-87c2-1c8f6fb5208d\/register\" target=\"_self\" class=\"btn btn-modern btn-lg btn-default btn-bottom\">Achat<\/a><\/div><\/div><\/div><\/div>[\/vc_tta_section][\/vc_tta_tabs][\/vc_column][\/vc_row]<\/p>\n<\/div>","protected":false},"excerpt":{"rendered":"<p>[vc_row][vc_column][vc_column_text css=\u00a0\u00bb\u00a0\u00bb css_params=\u00a0\u00bb\u00a0\u00bb] Inscription des membres [\/vc_column_text][vc_empty_space css_params=\u00a0\u00bb\u00a0\u00bb][vc_row_inner][vc_column_inner width=\u00a0\u00bb1\/4&Prime;][\/vc_column_inner][vc_column_inner width=\u00a0\u00bb1\/2&Prime; css=\u00a0\u00bb.vc_custom_1760022556816{border-top-width: 3px !important;border-right-width: 3px !important;border-bottom-width: 3px !important;border-left-width: 3px !important;border-left-style: solid !important;border-right-style: solid !important;border-top-style: solid !important;border-bottom-style: solid !important;border-radius: 15px !important;border-color: #b5b5b5 !important;}\u00a0\u00bb css_params=\u00a0\u00bb\u00a0\u00bb][vc_column_text css=\u00a0\u00bb\u00a0\u00bb css_params=\u00a0\u00bb\u00a0\u00bb] Instructions pour remplir le formulaire d\u2019achat Il est obligatoire d\u2019inscrire le prenom de l\u2019enfant et sa date de naissance (et non [&hellip;]<\/p>\n","protected":false},"author":1,"featured_media":0,"parent":0,"menu_order":0,"comment_status":"closed","ping_status":"closed","template":"","meta":{"footnotes":""},"class_list":["post-4768","page","type-page","status-publish","hentry"],"_links":{"self":[{"href":"https:\/\/zigzagzoo.ca\/fr\/wp-json\/wp\/v2\/pages\/4768","targetHints":{"allow":["GET"]}}],"collection":[{"href":"https:\/\/zigzagzoo.ca\/fr\/wp-json\/wp\/v2\/pages"}],"about":[{"href":"https:\/\/zigzagzoo.ca\/fr\/wp-json\/wp\/v2\/types\/page"}],"author":[{"embeddable":true,"href":"https:\/\/zigzagzoo.ca\/fr\/wp-json\/wp\/v2\/users\/1"}],"replies":[{"embeddable":true,"href":"https:\/\/zigzagzoo.ca\/fr\/wp-json\/wp\/v2\/comments?post=4768"}],"version-history":[{"count":20,"href":"https:\/\/zigzagzoo.ca\/fr\/wp-json\/wp\/v2\/pages\/4768\/revisions"}],"predecessor-version":[{"id":4918,"href":"https:\/\/zigzagzoo.ca\/fr\/wp-json\/wp\/v2\/pages\/4768\/revisions\/4918"}],"wp:attachment":[{"href":"https:\/\/zigzagzoo.ca\/fr\/wp-json\/wp\/v2\/media?parent=4768"}],"curies":[{"name":"wp","href":"https:\/\/api.w.org\/{rel}","templated":true}]}}