{"id":4611,"date":"2025-10-09T14:19:12","date_gmt":"2025-10-09T18:19:12","guid":{"rendered":"https:\/\/zigzagzoo.ca\/membership-registration\/"},"modified":"2026-04-28T10:21:58","modified_gmt":"2026-04-28T14:21:58","slug":"membership-registration","status":"publish","type":"page","link":"https:\/\/zigzagzoo.ca\/fr\/membership-registration\/","title":{"rendered":"Membership registration"},"content":{"rendered":"<div class=\"wpb-content-wrapper\"><p>[vc_row][vc_column][vc_column_text]<\/p>\n<h1 style=\"text-align: center;\">Inscription des membres<\/h1>\n<p>[\/vc_column_text][vc_empty_space][\/vc_column][\/vc_row][vc_row][vc_column][vc_column_text css=\u00a0\u00bb\u00a0\u00bb text_color=\u00a0\u00bb#009560&Prime; css_params=\u00a0\u00bb\u00a0\u00bb]<\/p>\n<h2 style=\"text-align: center;\">S\u00e9lectionnez l&rsquo;\u00e2ge de votre enfant ci-dessous pour voir les abonnements disponibles:<\/h2>\n<p>[\/vc_column_text][vc_icon icon_fontawesome=\u00a0\u00bbfas fa-angle-down\u00a0\u00bb size=\u00a0\u00bbxl\u00a0\u00bb align=\u00a0\u00bbcenter\u00a0\u00bb css_animation=\u00a0\u00bbfadeInUp\u00a0\u00bb css=\u00a0\u00bb\u00a0\u00bb css_params=\u00a0\u00bb\u00a0\u00bb][vc_tta_tabs spacing=\u00a0\u00bb10&Prime; gap=\u00a0\u00bb35&Prime; alignment=\u00a0\u00bbcenter\u00a0\u00bb active_section=\u00a0\u00bb99&Prime; css_params=\u00a0\u00bb\u00a0\u00bb][vc_tta_section title=\u00a0\u00bb\u00e2g\u00e9s de 1 \u00e0 2 ans\u00a0\u00bb tab_id=\u00a0\u00bb1759939617036-c819eb28-773c\u00a0\u00bb]<div class=\"porto-price-boxes pricing-table  no-borders spaced pricing-table-flat\"><div class=\"row\"><div class=\" col-lg-4 col-md-12\"><div class=\"porto-price-box plan  pricing-tables-rounded  wpb_custom_fc9b6fd32701600e2345f9a70db2555e most-popular plan-custom plan-btn-bottom\"><div class=\"plan-ribbon-wrapper\"><div class=\"plan-ribbon\">Populaire<\/div><\/div><h3><strong>Abonnement 1 an<\/strong><em class=\"desc\">(\u00e2g\u00e9s de 1 \u00e0 2 ans)<\/em><\/h3><ul>\n<li><strong>&#8211; <\/strong>Valide pendant 1 an<\/li>\n<li><strong>&#8211; <\/strong>Acc\u00e8s illimit\u00e9 pour 1 enfant + 1 adulte<\/li>\n<li><strong>&#8211; <\/strong>Un cadeau sp\u00e9cial Zigzagzoo pour le membre<\/li>\n<li><strong>&#8211; <\/strong>5 % de rabais sur un forfait f\u00eate pour le membre<\/li>\n<li><strong>&#8211; <\/strong>2e enfant : 10 % de rabais sur un forfait f\u00eate pour le membre<\/li>\n<li><strong>&#8211; <\/strong>3e enfant : 15 % de rabais sur un forfait f\u00eate pour le membre<\/li>\n<\/ul>\n<a href=\"https:\/\/app.joinit.com\/o\/zigzagzoo\/Y8TAigtS5rFHX5N92?lang=fr\" target=\"_self\" class=\"btn btn-modern btn-lg btn-default btn-bottom\">Achat<\/a><\/div><\/div><div class=\" col-lg-4 col-md-12\"><div class=\"porto-price-box plan  pricing-tables-rounded  wpb_custom_28666d8245743a0f67dcf7ea87427637 plan-custom plan-btn-bottom\"><h3><strong>Abonnement 1 mois<\/strong><em class=\"desc\">(\u00e2g\u00e9s de 1 \u00e0 2 ans)<\/em><\/h3><ul>\n<li><strong>&#8211; <\/strong>Valide pendant 1 mois<\/li>\n<li><strong>&#8211; <\/strong>Acc\u00e8s illimit\u00e9 pour 1 enfant + 1 adulte<\/li>\n<\/ul>\n<a href=\"https:\/\/app.joinit.com\/o\/zigzagzoo\/48ERvmrDnSsDXJgDx?lang=fr\" target=\"_self\" class=\"btn btn-modern btn-lg btn-default btn-bottom\">Achat<\/a><\/div><\/div><div class=\" col-lg-4 col-md-12\"><div class=\"porto-price-box plan  pricing-tables-rounded  wpb_custom_abeab52b1ed862a6ce0ab0306a358a08 plan-custom plan-btn-bottom\"><h3><strong>Abonnement 3 mois<\/strong><em class=\"desc\">(\u00e2g\u00e9s de 1 \u00e0 2 ans)<\/em><\/h3><ul>\n<li><strong>&#8211; <\/strong>Valide pendant 3 mois<\/li>\n<li><strong>&#8211; <\/strong>Acc\u00e8s illimit\u00e9 pour 1 enfant + 1 adulte<\/li>\n<\/ul>\n<a href=\"https:\/\/app.joinit.com\/o\/zigzagzoo\/mhNzTvknJ6h8b7wcb?lang=fr\" target=\"_self\" class=\"btn btn-modern btn-lg btn-default btn-bottom\">Achat<\/a><\/div><\/div><\/div><\/div>[\/vc_tta_section][vc_tta_section title=\u00a0\u00bb\u00e2g\u00e9s de 3 \u00e0 12 ans\u00a0\u00bb tab_id=\u00a0\u00bb1759939617042-3369cd81-7b6b\u00a0\u00bb]<div class=\"porto-price-boxes pricing-table  no-borders spaced pricing-table-flat\"><div class=\"row\"><div class=\" col-lg-4 col-md-12\"><div class=\"porto-price-box plan  pricing-tables-rounded  wpb_custom_fc9b6fd32701600e2345f9a70db2555e most-popular plan-custom plan-btn-bottom\"><div class=\"plan-ribbon-wrapper\"><div class=\"plan-ribbon\">Populaire<\/div><\/div><h3><strong>Abonnement 1 an<\/strong><em class=\"desc\">(\u00e2g\u00e9s de 3 \u00e0 12 ans)<\/em><\/h3><ul>\n<li><strong>&#8211; <\/strong>Valide pendant 1 an<\/li>\n<li><strong>&#8211; <\/strong>Acc\u00e8s illimit\u00e9 pour 1 enfant + 1 adulte<\/li>\n<li><strong>&#8211; <\/strong>Un cadeau sp\u00e9cial Zigzagzoo pour le membre<\/li>\n<li><strong>&#8211; <\/strong>5 % de rabais sur un forfait f\u00eate pour le membre<\/li>\n<li><strong>&#8211; <\/strong>2e enfant : 10 % de rabais sur un forfait f\u00eate pour le membre<\/li>\n<li><strong>&#8211; <\/strong>3e enfant : 15 % de rabais sur un forfait f\u00eate pour le membre<\/li>\n<\/ul>\n<a href=\"https:\/\/app.joinit.com\/o\/zigzagzoo\/exArTzf6kELBfKiQk?lang=fr\" target=\"_self\" class=\"btn btn-modern btn-lg btn-default btn-bottom\">Achat<\/a><\/div><\/div><div class=\" col-lg-4 col-md-12\"><div class=\"porto-price-box plan  pricing-tables-rounded  wpb_custom_28666d8245743a0f67dcf7ea87427637 plan-custom plan-btn-bottom\"><h3><strong>Abonnement 1 mois<\/strong><em class=\"desc\">(\u00e2g\u00e9s de 3 \u00e0 12 ans)<\/em><\/h3><ul>\n<li><strong>&#8211; <\/strong>Valide pendant 1 mois<\/li>\n<li><strong>&#8211; <\/strong>Acc\u00e8s illimit\u00e9 pour 1 enfant + 1 adulte<\/li>\n<\/ul>\n<a href=\"https:\/\/app.joinit.com\/o\/zigzagzoo\/rsTDJPywBQWyGYtQm?lang=fr\" target=\"_self\" class=\"btn btn-modern btn-lg btn-default btn-bottom\">Achat<\/a><\/div><\/div><div class=\" col-lg-4 col-md-12\"><div class=\"porto-price-box plan  pricing-tables-rounded  wpb_custom_abeab52b1ed862a6ce0ab0306a358a08 plan-custom plan-btn-bottom\"><h3><strong>Abonnement 3 mois<\/strong><em class=\"desc\">(\u00e2g\u00e9s de 3 \u00e0 12 ans)<\/em><\/h3><ul>\n<li><strong>&#8211; <\/strong>Valide pendant 3 mois<\/li>\n<li><strong>&#8211; <\/strong>Acc\u00e8s illimit\u00e9 pour 1 enfant + 1 adulte<\/li>\n<\/ul>\n<a href=\"https:\/\/app.joinit.com\/o\/zigzagzoo\/x9q3LqJdiorCmmoHW?lang=fr\" target=\"_self\" class=\"btn btn-modern btn-lg btn-default btn-bottom\">Achat<\/a><\/div><\/div><\/div><\/div>[\/vc_tta_section][\/vc_tta_tabs][\/vc_column][\/vc_row]<\/p>\n<\/div>","protected":false},"excerpt":{"rendered":"<p>[vc_row][vc_column][vc_column_text] Inscription des membres [\/vc_column_text][vc_empty_space][\/vc_column][\/vc_row][vc_row][vc_column][vc_column_text css=\u00a0\u00bb\u00a0\u00bb text_color=\u00a0\u00bb#009560&Prime; css_params=\u00a0\u00bb\u00a0\u00bb] S\u00e9lectionnez l&rsquo;\u00e2ge de votre enfant ci-dessous pour voir les abonnements disponibles: [\/vc_column_text][vc_icon icon_fontawesome=\u00a0\u00bbfas fa-angle-down\u00a0\u00bb size=\u00a0\u00bbxl\u00a0\u00bb align=\u00a0\u00bbcenter\u00a0\u00bb css_animation=\u00a0\u00bbfadeInUp\u00a0\u00bb css=\u00a0\u00bb\u00a0\u00bb css_params=\u00a0\u00bb\u00a0\u00bb][vc_tta_tabs spacing=\u00a0\u00bb10&Prime; gap=\u00a0\u00bb35&Prime; alignment=\u00a0\u00bbcenter\u00a0\u00bb active_section=\u00a0\u00bb99&Prime; css_params=\u00a0\u00bb\u00a0\u00bb][vc_tta_section title=\u00a0\u00bb\u00e2g\u00e9s de 1 \u00e0 2 ans\u00a0\u00bb tab_id=\u00a0\u00bb1759939617036-c819eb28-773c\u00a0\u00bb][\/vc_tta_section][vc_tta_section title=\u00a0\u00bb\u00e2g\u00e9s de 3 \u00e0 12 ans\u00a0\u00bb tab_id=\u00a0\u00bb1759939617042-3369cd81-7b6b\u00a0\u00bb][\/vc_tta_section][\/vc_tta_tabs][\/vc_column][\/vc_row]<\/p>\n","protected":false},"author":1,"featured_media":0,"parent":0,"menu_order":0,"comment_status":"closed","ping_status":"closed","template":"","meta":{"footnotes":""},"class_list":["post-4611","page","type-page","status-publish","hentry"],"_links":{"self":[{"href":"https:\/\/zigzagzoo.ca\/fr\/wp-json\/wp\/v2\/pages\/4611","targetHints":{"allow":["GET"]}}],"collection":[{"href":"https:\/\/zigzagzoo.ca\/fr\/wp-json\/wp\/v2\/pages"}],"about":[{"href":"https:\/\/zigzagzoo.ca\/fr\/wp-json\/wp\/v2\/types\/page"}],"author":[{"embeddable":true,"href":"https:\/\/zigzagzoo.ca\/fr\/wp-json\/wp\/v2\/users\/1"}],"replies":[{"embeddable":true,"href":"https:\/\/zigzagzoo.ca\/fr\/wp-json\/wp\/v2\/comments?post=4611"}],"version-history":[{"count":63,"href":"https:\/\/zigzagzoo.ca\/fr\/wp-json\/wp\/v2\/pages\/4611\/revisions"}],"predecessor-version":[{"id":5452,"href":"https:\/\/zigzagzoo.ca\/fr\/wp-json\/wp\/v2\/pages\/4611\/revisions\/5452"}],"wp:attachment":[{"href":"https:\/\/zigzagzoo.ca\/fr\/wp-json\/wp\/v2\/media?parent=4611"}],"curies":[{"name":"wp","href":"https:\/\/api.w.org\/{rel}","templated":true}]}}