{"id":3988,"date":"2025-06-11T18:26:41","date_gmt":"2025-06-11T18:26:41","guid":{"rendered":"https:\/\/zigzagzoo.ca\/reservation-de-groupe\/"},"modified":"2025-06-11T19:16:09","modified_gmt":"2025-06-11T19:16:09","slug":"reservation-de-groupe","status":"publish","type":"page","link":"https:\/\/zigzagzoo.ca\/fr\/reservation-de-groupe\/","title":{"rendered":"Demande de r\u00e9servation d&rsquo;\u00e9cole &#8211; camp de jour"},"content":{"rendered":"<div class=\"wpb-content-wrapper\"><p>[vc_row conditional_render=\u00a0\u00bb%5B%7B%22value_role%22%3A%22administrator%22%7D%5D\u00a0\u00bb css_params=\u00a0\u00bb\u00a0\u00bb][vc_column conditional_render=\u00a0\u00bb%5B%7B%22value_role%22%3A%22administrator%22%7D%5D\u00a0\u00bb css_params=\u00a0\u00bb\u00a0\u00bb][vc_column_text css=\u00a0\u00bb\u00a0\u00bb css_params=\u00a0\u00bb\u00a0\u00bb]<\/p>\n<h1 style=\"text-align: center;\">Demande de r\u00e9servation d&rsquo;\u00e9cole \/ camp de jour<\/h1>\n<p>&nbsp;<br \/>\n[\/vc_column_text][vc_row_inner css=\u00a0\u00bb.vc_custom_1747155857171{padding-bottom: 20px !important;}\u00a0\u00bb css_params=\u00a0\u00bb\u00a0\u00bb][vc_column_inner width=\u00a0\u00bb1\/6&Prime;][\/vc_column_inner][vc_column_inner width=\u00a0\u00bb2\/3&Prime;]<style id=\"wpforms-css-vars-3983\">\n\t\t\t\t#wpforms-3983 {\n\t\t\t\t\n\t\t\t}\n\t\t\t<\/style><div class=\"wpforms-container wpforms-container-full wpf-center wpforms-render-modern\" id=\"wpforms-3983\"><form id=\"wpforms-form-3983\" class=\"wpforms-validate wpforms-form wpforms-ajax-form\" data-formid=\"3983\" method=\"post\" enctype=\"multipart\/form-data\" action=\"\/fr\/wp-json\/wp\/v2\/pages\/3988\" data-token=\"235050549b3cdd088a7fd06289f6ba1a\" data-token-time=\"1778987547\"><noscript class=\"wpforms-error-noscript\">Veuillez activer JavaScript dans votre navigateur pour remplir ce formulaire.<\/noscript><div id=\"wpforms-error-noscript\" style=\"display: none;\">Veuillez activer JavaScript dans votre navigateur pour remplir ce formulaire.<\/div><div class=\"wpforms-field-container\"><div id=\"wpforms-3983-field_23-container\" class=\"wpforms-field wpforms-field-radio\" data-field-type=\"radio\" data-field-id=\"23\"><fieldset><legend class=\"wpforms-field-label\">Type de groupe <span class=\"wpforms-required-label\" aria-hidden=\"true\">*<\/span><\/legend><ul id=\"wpforms-3983-field_23\" class=\"wpforms-field-required\"><li class=\"choice-1 depth-1\"><input type=\"radio\" id=\"wpforms-3983-field_23_1\" name=\"wpforms[fields][23]\" value=\"\u00c9cole\" aria-errormessage=\"wpforms-3983-field_23_1-error\" required ><label class=\"wpforms-field-label-inline\" for=\"wpforms-3983-field_23_1\">\u00c9cole<\/label><\/li><li class=\"choice-2 depth-1\"><input type=\"radio\" id=\"wpforms-3983-field_23_2\" name=\"wpforms[fields][23]\" value=\"Camp de jour\" aria-errormessage=\"wpforms-3983-field_23_2-error\" required ><label class=\"wpforms-field-label-inline\" for=\"wpforms-3983-field_23_2\">Camp de jour<\/label><\/li><\/ul><\/fieldset><\/div><div id=\"wpforms-3983-field_35-container\" class=\"wpforms-field wpforms-field-text\" data-field-type=\"text\" data-field-id=\"35\"><label class=\"wpforms-field-label\" for=\"wpforms-3983-field_35\">Nom du groupe <span class=\"wpforms-required-label\" aria-hidden=\"true\">*<\/span><\/label><input type=\"text\" id=\"wpforms-3983-field_35\" class=\"wpforms-field-medium wpforms-field-required\" name=\"wpforms[fields][35]\" aria-errormessage=\"wpforms-3983-field_35-error\" required><\/div><div id=\"wpforms-3983-field_6-container\" class=\"wpforms-field wpforms-field-name\" data-field-type=\"name\" data-field-id=\"6\"><fieldset><legend class=\"wpforms-field-label\">Nom du responsable <span class=\"wpforms-required-label\" aria-hidden=\"true\">*<\/span><\/legend><div class=\"wpforms-field-row wpforms-field-medium\"><div class=\"wpforms-field-row-block wpforms-first wpforms-one-half\"><input type=\"text\" id=\"wpforms-3983-field_6\" class=\"wpforms-field-name-first wpforms-field-required\" name=\"wpforms[fields][6][first]\" placeholder=\"Pr\u00e9nom\" aria-errormessage=\"wpforms-3983-field_6-error\" required><label for=\"wpforms-3983-field_6\" class=\"wpforms-field-sublabel after\">Pr\u00e9nom<\/label><\/div><div class=\"wpforms-field-row-block wpforms-one-half\"><input type=\"text\" id=\"wpforms-3983-field_6-last\" class=\"wpforms-field-name-last wpforms-field-required\" name=\"wpforms[fields][6][last]\" placeholder=\"Nom\" aria-errormessage=\"wpforms-3983-field_6-last-error\" required><label for=\"wpforms-3983-field_6-last\" class=\"wpforms-field-sublabel after\">Nom<\/label><\/div><\/div><\/fieldset><\/div><div id=\"wpforms-3983-field_5-container\" class=\"wpforms-field wpforms-field-email\" data-field-type=\"email\" data-field-id=\"5\"><fieldset><legend class=\"wpforms-field-label\">Courriel <span class=\"wpforms-required-label\" aria-hidden=\"true\">*<\/span><\/legend><div class=\"wpforms-field-row wpforms-field-medium\"><div class=\"wpforms-field-row-block wpforms-one-half wpforms-first\"><input type=\"email\" id=\"wpforms-3983-field_5\" class=\"wpforms-field-required wpforms-field-email-primary\" name=\"wpforms[fields][5][primary]\" spellcheck=\"false\" aria-errormessage=\"wpforms-3983-field_5-error\" required><label for=\"wpforms-3983-field_5\" class=\"wpforms-field-sublabel after\">Courriel<\/label><\/div><div class=\"wpforms-field-row-block wpforms-one-half\"><input type=\"email\" id=\"wpforms-3983-field_5-secondary\" class=\"wpforms-field-email-secondary wpforms-field-required\" data-rule-confirm=\"#wpforms-3983-field_5\" name=\"wpforms[fields][5][secondary]\" spellcheck=\"false\" aria-errormessage=\"wpforms-3983-field_5-secondary-error\" required><label for=\"wpforms-3983-field_5-secondary\" class=\"wpforms-field-sublabel after\">Confirmez courriel<\/label><\/div><\/div><\/fieldset><\/div><div id=\"wpforms-3983-field_24-container\" class=\"wpforms-field wpforms-field-phone\" data-field-type=\"phone\" data-field-id=\"24\"><label class=\"wpforms-field-label\" for=\"wpforms-3983-field_24\">T\u00e9l\u00e9phone <span class=\"wpforms-required-label\" aria-hidden=\"true\">*<\/span><\/label><input type=\"tel\" id=\"wpforms-3983-field_24\" class=\"wpforms-field-medium wpforms-field-required wpforms-smart-phone-field\" data-rule-smart-phone-field=\"true\" name=\"wpforms[fields][24]\" aria-label=\"T\u00e9l\u00e9phone\" aria-errormessage=\"wpforms-3983-field_24-error\" required><\/div><div id=\"wpforms-3983-field_38-container\" class=\"wpforms-field wpforms-field-address\" data-field-type=\"address\" data-field-id=\"38\"><fieldset><legend class=\"wpforms-field-label\">Adresse de l&#039;\u00e9tablissement <span class=\"wpforms-required-label\" aria-hidden=\"true\">*<\/span><\/legend><div class=\"wpforms-field-row wpforms-field-medium\"><div ><input type=\"text\" id=\"wpforms-3983-field_38\" class=\"wpforms-field-address-address1 wpforms-field-required\" name=\"wpforms[fields][38][address1]\" aria-errormessage=\"wpforms-3983-field_38-error\" required><label for=\"wpforms-3983-field_38\" class=\"wpforms-field-sublabel after\">Adresse ligne\u00a01<\/label><\/div><\/div><div class=\"wpforms-field-row wpforms-field-medium\"><div ><input type=\"text\" id=\"wpforms-3983-field_38-address2\" class=\"wpforms-field-address-address2\" name=\"wpforms[fields][38][address2]\" aria-errormessage=\"wpforms-3983-field_38-address2-error\" ><label for=\"wpforms-3983-field_38-address2\" class=\"wpforms-field-sublabel after\">Adresse ligne 2<\/label><\/div><\/div><div class=\"wpforms-field-row wpforms-field-medium\"><div class=\"wpforms-field-row-block wpforms-one-half wpforms-first\"><input type=\"text\" id=\"wpforms-3983-field_38-city\" class=\"wpforms-field-address-city wpforms-field-required\" name=\"wpforms[fields][38][city]\" aria-errormessage=\"wpforms-3983-field_38-city-error\" required><label for=\"wpforms-3983-field_38-city\" class=\"wpforms-field-sublabel after\">Ville<\/label><\/div><div class=\"wpforms-field-row-block wpforms-one-half\"><input type=\"text\" id=\"wpforms-3983-field_38-state\" class=\"wpforms-field-address-state wpforms-field-required\" name=\"wpforms[fields][38][state]\" aria-errormessage=\"wpforms-3983-field_38-state-error\" required><label for=\"wpforms-3983-field_38-state\" class=\"wpforms-field-sublabel after\">\u00c9tat \/ Province \/ R\u00e9gion<\/label><\/div><\/div><div class=\"wpforms-field-row wpforms-field-medium\"><div class=\"wpforms-field-row-block wpforms-one-half wpforms-first\"><input type=\"text\" id=\"wpforms-3983-field_38-postal\" class=\"wpforms-field-address-postal wpforms-field-required\" name=\"wpforms[fields][38][postal]\" aria-errormessage=\"wpforms-3983-field_38-postal-error\" required><label for=\"wpforms-3983-field_38-postal\" class=\"wpforms-field-sublabel after\">Code postal<\/label><\/div><\/div><\/fieldset><\/div><div id=\"wpforms-3983-field_25-container\" class=\"wpforms-field wpforms-field-date-time\" data-field-type=\"date-time\" data-field-id=\"25\"><label class=\"wpforms-field-label\" for=\"wpforms-3983-field_25\">Date souhait\u00e9e <span class=\"wpforms-required-label\" aria-hidden=\"true\">*<\/span><\/label><div class=\"wpforms-datepicker-wrap\"><input type=\"text\" id=\"wpforms-3983-field_25\" class=\"wpforms-field-date-time-date wpforms-datepicker wpforms-field-required wpforms-field-medium\" data-date-format=\"F j, Y\" data-disable-past-dates=\"1\" data-disable-todays-date=\"1\" data-input=\"true\" name=\"wpforms[fields][25][date]\" aria-errormessage=\"wpforms-3983-field_25-error\" required><a title=\"Clear Date\" data-clear role=\"button\" tabindex=\"0\" class=\"wpforms-datepicker-clear\" aria-label=\"Clear Date\" style=\"display:none;\"><\/a><\/div><\/div><div id=\"wpforms-3983-field_14-container\" class=\"wpforms-field wpforms-field-number\" data-field-type=\"number\" data-field-id=\"14\"><label class=\"wpforms-field-label\" for=\"wpforms-3983-field_14\">Nombre estim\u00e9 d&#039;enfants <span class=\"wpforms-required-label\" aria-hidden=\"true\">*<\/span><\/label><input type=\"number\" id=\"wpforms-3983-field_14\" class=\"wpforms-field-medium wpforms-field-required\" name=\"wpforms[fields][14]\" step=\"any\" aria-errormessage=\"wpforms-3983-field_14-error\" required><\/div><div id=\"wpforms-3983-field_15-container\" class=\"wpforms-field wpforms-field-number\" data-field-type=\"number\" data-field-id=\"15\"><label class=\"wpforms-field-label\" for=\"wpforms-3983-field_15\">Nombre estim\u00e9 d&#039;adultes <span class=\"wpforms-required-label\" aria-hidden=\"true\">*<\/span><\/label><input type=\"number\" id=\"wpforms-3983-field_15\" class=\"wpforms-field-medium wpforms-field-required\" name=\"wpforms[fields][15]\" step=\"any\" aria-errormessage=\"wpforms-3983-field_15-error\" required><\/div><div id=\"wpforms-3983-field_34-container\" class=\"wpforms-field wpforms-field-select wpforms-field-select-style-classic\" data-field-type=\"select\" data-field-id=\"34\"><label class=\"wpforms-field-label\" for=\"wpforms-3983-field_34\">Heure souhait\u00e9e <span class=\"wpforms-required-label\" aria-hidden=\"true\">*<\/span><\/label><select id=\"wpforms-3983-field_34\" class=\"wpforms-field-medium wpforms-field-required\" name=\"wpforms[fields][34]\" required=\"required\"><option value=\"9:30\"  class=\"choice-1 depth-1\"  >9:30<\/option><option value=\"10:00\"  class=\"choice-2 depth-1\"  >10:00<\/option><option value=\"12:00\"  class=\"choice-3 depth-1\"  >12:00<\/option><option value=\"12:30\"  class=\"choice-4 depth-1\"  >12:30<\/option><option value=\"14:30\"  class=\"choice-5 depth-1\"  >14:30<\/option><option value=\"15:00\"  class=\"choice-6 depth-1\"  >15:00<\/option><\/select><\/div>\t\t<div id=\"wpforms-3983-field_1-container\"\n\t\t\tclass=\"wpforms-field wpforms-field-text\"\n\t\t\tdata-field-type=\"text\"\n\t\t\tdata-field-id=\"1\"\n\t\t\t>\n\t\t\t<label class=\"wpforms-field-label\" for=\"wpforms-3983-field_1\" >d&#039;enfants Commentaires du<\/label>\n\t\t\t<input type=\"text\" id=\"wpforms-3983-field_1\" class=\"wpforms-field-medium\" name=\"wpforms[fields][1]\" >\n\t\t<\/div>\n\t\t<div id=\"wpforms-3983-field_21-container\" class=\"wpforms-field wpforms-field-textarea\" data-field-type=\"textarea\" data-field-id=\"21\"><label class=\"wpforms-field-label\" for=\"wpforms-3983-field_21\">Commentaires<\/label><textarea id=\"wpforms-3983-field_21\" class=\"wpforms-field-medium\" name=\"wpforms[fields][21]\" aria-errormessage=\"wpforms-3983-field_21-error\" ><\/textarea><\/div><div id=\"wpforms-3983-field_28-container\" class=\"wpforms-field wpforms-field-html\" data-field-type=\"html\" data-field-id=\"28\"><div id=\"wpforms-3983-field_28\" aria-errormessage=\"wpforms-3983-field_28-error\"><p style=\"color: red; text-align: center;\"><strong>CECI NE CONSTITUE PAS UNE R\u00c9SERVATION.\r\nNOUS VOUS CONTACTERONS DANS LES PLUS BREFS D\u00c9LAIS POUR FINALISER VOTRE DEMANDE.\r\nLORS DE VOTRE R\u00c9SERVATION, UN D\u00c9P\u00d4T DE 40% SERA N\u00c9CESSAIRE.<\/strong><\/p>\r\n<p style=\"color: blue; text-align: center;\">NOUS ACCEPTONS : VISA, MASTERCARD, AMEX, COMPTANT OU D\u00c9BIT.<\/p>\r\n<p style=\"color: red; text-align: center;\">J'accepte les conditions ci-haut mentionn\u00e9es lorsque je soumets ce formulaire<\/p><\/div><\/div><script>\n\t\t\t\t( function() {\n\t\t\t\t\tconst style = document.createElement( 'style' );\n\t\t\t\t\tstyle.appendChild( document.createTextNode( '#wpforms-3983-field_1-container { position: absolute !important; overflow: hidden !important; display: inline !important; height: 1px !important; width: 1px !important; z-index: -1000 !important; padding: 0 !important; } #wpforms-3983-field_1-container input { visibility: hidden; } #wpforms-conversational-form-page #wpforms-3983-field_1-container label { counter-increment: none; }' ) );\n\t\t\t\t\tdocument.head.appendChild( style );\n\t\t\t\t\tdocument.currentScript?.remove();\n\t\t\t\t} )();\n\t\t\t<\/script><\/div><!-- .wpforms-field-container --><div class=\"wpforms-submit-container\" ><input type=\"hidden\" name=\"wpforms[id]\" value=\"3983\"><input type=\"hidden\" name=\"page_title\" value=\"\"><input type=\"hidden\" name=\"page_url\" value=\"https:\/\/zigzagzoo.ca\/fr\/wp-json\/wp\/v2\/pages\/3988\"><input type=\"hidden\" name=\"url_referer\" value=\"\"><button type=\"submit\" name=\"wpforms[submit]\" id=\"wpforms-submit-3983\" class=\"wpforms-submit\" data-alt-text=\"Envoi...\" data-submit-text=\"Envoyer\" aria-live=\"assertive\" value=\"wpforms-submit\">Envoyer<\/button><img loading=\"lazy\" decoding=\"async\" src=\"https:\/\/zigzagzoo.ca\/wp-content\/plugins\/wpforms\/assets\/images\/submit-spin.svg\" class=\"wpforms-submit-spinner\" style=\"display: none;\" width=\"26\" height=\"26\" alt=\"Chargement en cours\"><\/div><\/form><\/div>  <!-- .wpforms-container -->[\/vc_column_inner][vc_column_inner width=\u00a0\u00bb1\/6&Prime;][\/vc_column_inner][\/vc_row_inner][\/vc_column][\/vc_row]<\/p>\n<\/div>","protected":false},"excerpt":{"rendered":"<p>[vc_row conditional_render=\u00a0\u00bb%5B%7B%22value_role%22%3A%22administrator%22%7D%5D\u00a0\u00bb css_params=\u00a0\u00bb\u00a0\u00bb][vc_column conditional_render=\u00a0\u00bb%5B%7B%22value_role%22%3A%22administrator%22%7D%5D\u00a0\u00bb css_params=\u00a0\u00bb\u00a0\u00bb][vc_column_text css=\u00a0\u00bb\u00a0\u00bb css_params=\u00a0\u00bb\u00a0\u00bb] Demande de r\u00e9servation d&rsquo;\u00e9cole \/ camp de jour &nbsp; [\/vc_column_text][vc_row_inner css=\u00a0\u00bb.vc_custom_1747155857171{padding-bottom: 20px !important;}\u00a0\u00bb css_params=\u00a0\u00bb\u00a0\u00bb][vc_column_inner width=\u00a0\u00bb1\/6&Prime;][\/vc_column_inner][vc_column_inner width=\u00a0\u00bb2\/3&Prime;][\/vc_column_inner][vc_column_inner width=\u00a0\u00bb1\/6&Prime;][\/vc_column_inner][\/vc_row_inner][\/vc_column][\/vc_row]<\/p>\n","protected":false},"author":1,"featured_media":0,"parent":0,"menu_order":0,"comment_status":"closed","ping_status":"closed","template":"","meta":{"footnotes":""},"class_list":["post-3988","page","type-page","status-publish","hentry"],"_links":{"self":[{"href":"https:\/\/zigzagzoo.ca\/fr\/wp-json\/wp\/v2\/pages\/3988","targetHints":{"allow":["GET"]}}],"collection":[{"href":"https:\/\/zigzagzoo.ca\/fr\/wp-json\/wp\/v2\/pages"}],"about":[{"href":"https:\/\/zigzagzoo.ca\/fr\/wp-json\/wp\/v2\/types\/page"}],"author":[{"embeddable":true,"href":"https:\/\/zigzagzoo.ca\/fr\/wp-json\/wp\/v2\/users\/1"}],"replies":[{"embeddable":true,"href":"https:\/\/zigzagzoo.ca\/fr\/wp-json\/wp\/v2\/comments?post=3988"}],"version-history":[{"count":11,"href":"https:\/\/zigzagzoo.ca\/fr\/wp-json\/wp\/v2\/pages\/3988\/revisions"}],"predecessor-version":[{"id":4028,"href":"https:\/\/zigzagzoo.ca\/fr\/wp-json\/wp\/v2\/pages\/3988\/revisions\/4028"}],"wp:attachment":[{"href":"https:\/\/zigzagzoo.ca\/fr\/wp-json\/wp\/v2\/media?parent=3988"}],"curies":[{"name":"wp","href":"https:\/\/api.w.org\/{rel}","templated":true}]}}