{"id":3979,"date":"2025-06-11T15:55:19","date_gmt":"2025-06-11T15:55:19","guid":{"rendered":"https:\/\/zigzagzoo.ca\/a-propose\/"},"modified":"2025-07-18T02:22:36","modified_gmt":"2025-07-18T02:22:36","slug":"a-propose","status":"publish","type":"page","link":"https:\/\/zigzagzoo.ca\/fr\/a-propose\/","title":{"rendered":"\u00c0 propos"},"content":{"rendered":"<div class=\"wpb-content-wrapper\"><p>[vc_row wrap_container=\u00a0\u00bbyes\u00a0\u00bb el_class=\u00a0\u00bbpb-5 overflow-hidden\u00a0\u00bb][vc_column el_class=\u00a0\u00bbmx-md-auto\u00a0\u00bb animation_type=\u00a0\u00bbmaskUp\u00a0\u00bb][vc_column_text css=\u00a0\u00bb\u00a0\u00bb css_params=\u00a0\u00bb\u00a0\u00bb]<\/p>\n<h1 style=\"text-align: center;\">\u00c0 propos<\/h1>\n<p>[\/vc_column_text][\/vc_column][\/vc_row][vc_row wrap_container=\u00a0\u00bbyes\u00a0\u00bb animation_delay=\u00a0\u00bb\u00a0\u00bb el_class=\u00a0\u00bbpb-5&Prime;][vc_column][vc_row_inner][vc_column_inner width=\u00a0\u00bb1\/2&Prime; animation_delay=\u00a0\u00bb800&Prime; animation_type=\u00a0\u00bbfadeInLeft\u00a0\u00bb]<div class=\"porto-sicon-box  wpb_custom_209697e007453e5c1027196d6b73f5ff style_1 left-icon\"><div class=\"porto-sicon-body\"><div class=\"porto-sicon-header\"><h3 class=\"porto-sicon-title\" style=\"\">NOTRE MISSION<\/h3><p>Centre d&#039;amusement familial Propre et S\u00e9curitaire<\/p><\/div> <!-- header --><div class=\"porto-sicon-description\" style=\"\">\n<ul>\n<li><strong>S\u00e9curit\u00e9 des enfants :<\/strong><br \/>\nEn plus de b\u00e9n\u00e9ficier d\u2019un acc\u00e8s contr\u00f4l\u00e9 \u00e0 l\u2019entr\u00e9e et \u00e0 la sortie, les enfants et leurs parents doivent porter des bracelets d\u2019identification informatis\u00e9s.<\/li>\n<li><strong>Propret\u00e9 des lieux :<\/strong><br \/>\nZigzagzoo est nettoy\u00e9 quotidiennement afin de s\u2019assurer de la propret\u00e9. De plus nous fermons approximativement une (1) journ\u00e9e par trois (3) mois pour nettoyer en profondeur le local, la structure de jeu et le casse-cro\u00fbte.<\/li>\n<li><strong>Amusement et l\u2019activit\u00e9 physique :<\/strong><br \/>\nLes enfants s\u2019amusent et bougent ! Contrecarrer l\u2019inactivit\u00e9 physique. Un grand espace int\u00e9rieur pour encourager les enfants \u00e0 \u00eatre actifs et leur donner la possibilit\u00e9 de d\u00e9penser leur \u00e9nergie.<\/li>\n<\/ul>\n<p><\/div> <!-- description --><\/div><\/div><!-- porto-sicon-box -->[\/vc_column_inner][vc_column_inner width=\u00a0\u00bb1\/2&Prime; animation_delay=\u00a0\u00bb600&Prime; animation_type=\u00a0\u00bbfadeIn\u00a0\u00bb]<div class=\"porto-sicon-box  wpb_custom_209697e007453e5c1027196d6b73f5ff style_1 left-icon\"><div class=\"porto-sicon-body\"><div class=\"porto-sicon-header\"><h3 class=\"porto-sicon-title\" style=\"\">LES BIENFAITS<\/h3><\/div> <!-- header --><div class=\"porto-sicon-description\" style=\"\">ZigZagZoo encourage les enfants \u00e0 grimper et \u00e0 atteindre les plus hauts sommets.<\/p>\n<p>Une heure au centre d&rsquo;amusement est semblable \u00e0 une s\u00e9ance de zumba, une routine au gymnase ou une activit\u00e9 sportive !<\/p>\n<p>De nos jours, le temps \u00e9tant devenu extr\u00eamement pr\u00e9cieux, les parents sont constamment \u00e0 la recherche d&rsquo;un environnement s\u00e9curitaire, amusant et \u00e0 un prix raisonnable afin de sortir en famille dans leur communaut\u00e9.<\/p>\n<p>ZigZagZoo r\u00e9pond \u00e0 cette demande.<\/div> <!-- description --><\/div><\/div><!-- porto-sicon-box -->[\/vc_column_inner][\/vc_row_inner][\/vc_column][\/vc_row][vc_row full_width=\u00a0\u00bbstretch_row\u00a0\u00bb wrap_container=\u00a0\u00bbyes\u00a0\u00bb is_section=\u00a0\u00bbyes\u00a0\u00bb section_skin=\u00a0\u00bbprimary\u00a0\u00bb remove_margin_top=\u00a0\u00bbyes\u00a0\u00bb remove_margin_bottom=\u00a0\u00bbyes\u00a0\u00bb remove_border=\u00a0\u00bbyes\u00a0\u00bb animation_delay=\u00a0\u00bb100&Prime; el_class=\u00a0\u00bbpb-5&Prime; animation_type=\u00a0\u00bbfadeIn\u00a0\u00bb][vc_column width=\u00a0\u00bb1\/3&Prime;]<div class=\"stats-block stats-top  m-b  wpb_custom_a517333ace5b1666c6af8bd4684f1de9\"><div class=\"porto-sicon-top\"><div class=\"porto-just-icon-wrapper porto-icon none\" style=\"color:#ffffff;font-size:25px;\"><i class=\"far fa-smile-beam\"><\/i><\/div><\/div><div class=\"stats-desc\"><div id=\"counter_21229447146a092fab151a1\" data-id=\"counter_21229447146a092fab151a1\" class=\"stats-number\" style=\" font-size:35px;line-height:35px;color:#ffffff;\" data-speed=\"3\" data-counter-value=\"1000000\" data-separator=\"none\" data-decimal=\".\">0<\/div><div class=\"counter_suffix mycust\" style=\" font-size:35px;line-height:35px;color:#ffffff\">+<\/div><div class=\"stats-text\" style=\"font-size:16.8px;color:#ffffff;\">Des enfants heureux<\/div><\/div><\/div>[\/vc_column][vc_column width=\u00a0\u00bb1\/3&Prime;]<div class=\"stats-block stats-top  m-b  wpb_custom_a517333ace5b1666c6af8bd4684f1de9\"><div class=\"porto-sicon-top\"><div class=\"porto-just-icon-wrapper porto-icon none\" style=\"color:#ffffff;font-size:25px;\"><i class=\"fas fa-birthday-cake\"><\/i><\/div><\/div><div class=\"stats-desc\"><div id=\"counter_19574275296a092fab152f8\" data-id=\"counter_19574275296a092fab152f8\" class=\"stats-number\" style=\" font-size:35px;line-height:35px;color:#ffffff;\" data-speed=\"3\" data-counter-value=\"10000\" data-separator=\"none\" data-decimal=\".\">0<\/div><div class=\"counter_suffix mycust\" style=\" font-size:35px;line-height:35px;color:#ffffff\">+<\/div><div class=\"stats-text\" style=\"font-size:16.8px;color:#ffffff;\">Anniversaires c\u00e9l\u00e9br\u00e9s<\/div><\/div><\/div>[\/vc_column][vc_column width=\u00a0\u00bb1\/3&Prime;]<div class=\"stats-block stats-top  m-b  wpb_custom_a517333ace5b1666c6af8bd4684f1de9\"><div class=\"porto-sicon-top\"><div class=\"porto-just-icon-wrapper porto-icon none\" style=\"color:#ffffff;font-size:25px;\"><i class=\"fas fa-award\"><\/i><\/div><\/div><div class=\"stats-desc\"><div id=\"counter_9526709746a092fab15425\" data-id=\"counter_9526709746a092fab15425\" class=\"stats-number\" style=\" font-size:35px;line-height:35px;color:#ffffff;\" data-speed=\"3\" data-counter-value=\"19\" data-separator=\"none\" data-decimal=\".\">0<\/div><div class=\"stats-text\" style=\"font-size:16.8px;color:#ffffff;\">Ann\u00e9es en affaires<\/div><\/div><\/div>[\/vc_column][\/vc_row][vc_row wrap_container=\u00a0\u00bbyes\u00a0\u00bb is_section=\u00a0\u00bbyes\u00a0\u00bb remove_margin_top=\u00a0\u00bbyes\u00a0\u00bb remove_margin_bottom=\u00a0\u00bbyes\u00a0\u00bb remove_border=\u00a0\u00bbyes\u00a0\u00bb el_class=\u00a0\u00bbp-t-xxl row-align-items-center\u00a0\u00bb][vc_column offset=\u00a0\u00bbvc_col-md-6&Prime; el_class=\u00a0\u00bbpe-lg-5 mb-sm-5 mb-lg-0&Prime;][vc_custom_heading text=\u00a0\u00bbQui <b>Nous Sommes<\/b>\u00a0\u00bb font_container=\u00a0\u00bbtag:h3|font_size:25|text_align:left|line_height:1&Prime; use_theme_fonts=\u00a0\u00bbyes\u00a0\u00bb el_class=\u00a0\u00bbmb-3&Prime; css_params=\u00a0\u00bb\u00a0\u00bb][vc_column_text css=\u00a0\u00bb\u00a0\u00bb css_params=\u00a0\u00bb\u00a0\u00bb]Un immense espace int\u00e9rieur qui encourage les enfants de 12 ans et moins ainsi que leurs parents \u00e0 bouger, grimper, glisser et explorer dans un environnement propre et s\u00e9curitaire!<\/p>\n<p>ZigZagZoo vous offre des salles priv\u00e9es pour les f\u00eates d\u2019enfants, familiales, corporatives et d\u2019associations sportives, des animateurs qualifi\u00e9s pour agr\u00e9menter vos heures de plaisir, notre mascotte Zooky, un casse-cro\u00fbte avec option sant\u00e9 et beaucoup plus![\/vc_column_text][\/vc_column][vc_column width=\u00a0\u00bb1\/2&Prime; offset=\u00a0\u00bbvc_col-md-offset-2 vc_col-md-4 vc_col-sm-offset-4&Prime; el_class=\u00a0\u00bbcol-sm-8 offset-sm-5 mt-sm-5 pt-sm-5&Prime;][vc_single_image image=\u00a0\u00bb2999&Prime; img_size=\u00a0\u00bbfull\u00a0\u00bb css=\u00a0\u00bb.vc_custom_1749651591789{margin-top: -26% !important;margin-left: -33% !important;}\u00a0\u00bb animation_delay=\u00a0\u00bb100&Prime; el_class=\u00a0\u00bbposition-absolute d-none d-sm-block\u00a0\u00bb animation_type=\u00a0\u00bbzoomIn\u00a0\u00bb css_params=\u00a0\u00bb\u00a0\u00bb img_mwidth=\u00a0\u00bb{\u00ab\u00a0xl\u00ab\u00a0:\u00ab\u00a050\u00ab\u00a0,\u00ab\u00a0unit\u00ab\u00a0:\u00ab\u00a0%\u00ab\u00a0,\u00ab\u00a0xs\u00ab\u00a0:\u00ab\u00a0\u00ab\u00a0,\u00ab\u00a0sm\u00ab\u00a0:\u00ab\u00a0\u00ab\u00a0,\u00ab\u00a0md\u00ab\u00a0:\u00ab\u00a0\u00ab\u00a0,\u00ab\u00a0lg\u00ab\u00a0:\u00ab\u00a0\u00ab\u00a0}\u00a0\u00bb][vc_single_image image=\u00a0\u00bb2976&Prime; img_size=\u00a0\u00bbfull\u00a0\u00bb css=\u00a0\u00bb.vc_custom_1749651584451{margin-top: 10% !important;margin-left: -54% !important;}\u00a0\u00bb animation_delay=\u00a0\u00bb300&Prime; css_animation=\u00a0\u00bbnone\u00a0\u00bb el_class=\u00a0\u00bbposition-absolute d-none d-sm-block\u00a0\u00bb animation_type=\u00a0\u00bbzoomIn\u00a0\u00bb css_params=\u00a0\u00bb\u00a0\u00bb img_mwidth=\u00a0\u00bb{\u00ab\u00a0xl\u00ab\u00a0:\u00ab\u00a030\u00ab\u00a0,\u00ab\u00a0unit\u00ab\u00a0:\u00ab\u00a0%\u00ab\u00a0,\u00ab\u00a0xs\u00ab\u00a0:\u00ab\u00a0\u00ab\u00a0,\u00ab\u00a0sm\u00ab\u00a0:\u00ab\u00a0\u00ab\u00a0,\u00ab\u00a0md\u00ab\u00a0:\u00ab\u00a0\u00ab\u00a0,\u00ab\u00a0lg\u00ab\u00a0:\u00ab\u00a0\u00ab\u00a0}\u00a0\u00bb][vc_single_image image=\u00a0\u00bb3008&Prime; img_size=\u00a0\u00bbfull\u00a0\u00bb css=\u00a0\u00bb\u00a0\u00bb animation_delay=\u00a0\u00bb600&Prime; el_class=\u00a0\u00bbposition-relative mb-0&Prime; animation_type=\u00a0\u00bbzoomIn\u00a0\u00bb css_params=\u00a0\u00bb\u00a0\u00bb][\/vc_column][\/vc_row][vc_row wrap_container=\u00a0\u00bbyes\u00a0\u00bb animation_delay=\u00a0\u00bb\u00a0\u00bb el_class=\u00a0\u00bbpb-5&Prime;][vc_column][vc_empty_space][vc_column_text css=\u00a0\u00bb\u00a0\u00bb css_params=\u00a0\u00bb\u00a0\u00bb]<\/p>\n<h1 style=\"text-align: center;\">Emplois<\/h1>\n<p>[\/vc_column_text][vc_column_text css=\u00a0\u00bb\u00a0\u00bb css_params=\u00a0\u00bb\u00a0\u00bb]ZigZagZoo est toujours \u00e0 la recherche d\u2019employ\u00e9s bilingues, disponibles, d\u00e9brouillards et enthousiastes. Nous vous offrons du travail \u00e0 temps partiel, flexible et nous sommes souvent \u00e0 la recherche de candidats pour combler les postes suivants :[\/vc_column_text][vc_row_inner][vc_column_inner width=\u00a0\u00bb1\/2&Prime; animation_delay=\u00a0\u00bb800&Prime; animation_type=\u00a0\u00bbfadeInLeft\u00a0\u00bb]<div class=\"porto-sicon-box  wpb_custom_209697e007453e5c1027196d6b73f5ff style_1 left-icon\"><div class=\"porto-sicon-body\"><div class=\"porto-sicon-header\"><h3 class=\"porto-sicon-title\" style=\"\">Pr\u00e9pos\u00e9(e) \u00e0 l\u2019accueil<\/h3><\/div> <!-- header --><div class=\"porto-sicon-description\" style=\"\">Tu as un sens pour le service \u00e0 la client\u00e8le ? Les responsabilit\u00e9s sont d\u2019accueillir les clients, fournir les renseignements des forfaits f\u00eate en personne ou au t\u00e9l\u00e9phone, assurer le contr\u00f4le de s\u00e9curit\u00e9 \u00e0 la r\u00e9ception, recevoir les paiements. <strong><em>Avoir de l\u2019exp\u00e9rience avec une caisse est un atout<\/em><\/strong>.<\/div> <!-- description --><\/div><\/div><!-- porto-sicon-box -->[\/vc_column_inner][vc_column_inner width=\u00a0\u00bb1\/2&Prime; animation_delay=\u00a0\u00bb600&Prime; animation_type=\u00a0\u00bbfadeIn\u00a0\u00bb]<div class=\"porto-sicon-box  wpb_custom_209697e007453e5c1027196d6b73f5ff style_1 left-icon\"><div class=\"porto-sicon-body\"><div class=\"porto-sicon-header\"><h3 class=\"porto-sicon-title\" style=\"\">Pr\u00e9pos\u00e9(e) au casse-cro\u00fbte<\/h3><\/div> <!-- header --><div class=\"porto-sicon-description\" style=\"\">Tu aimes \u00eatre toujours occup\u00e9 ? Les responsabilit\u00e9s sont d\u2019assurer les op\u00e9rations relatives \u00e0 l\u2019ouverture et \u00e0 la fermeture de la cuisine, pr\u00e9parer et servir les commandes, effectuer le service, veiller \u00e0 la propret\u00e9 de l\u2019aire de restauration. <strong><em>Avoir de l\u2019exp\u00e9rience en restauration rapide et avec une caisse sont des atouts<\/em><\/strong>.<\/div> <!-- description --><\/div><\/div><!-- porto-sicon-box -->[\/vc_column_inner][\/vc_row_inner][\/vc_column][\/vc_row][vc_row][vc_column][vc_column_text css=\u00a0\u00bb\u00a0\u00bb css_params=\u00a0\u00bb\u00a0\u00bb]<\/p>\n<p style=\"text-align: center;\"><strong>Tentez votre chance ! Venez-vous amuser tout en travaillant !<\/strong><\/p>\n<p>[\/vc_column_text][vc_column_text css=\u00a0\u00bb\u00a0\u00bb css_params=\u00a0\u00bb\u00a0\u00bb]<\/p>\n<h4 style=\"text-align: center;\"><u>Formulaire de demande d&#8217;emploi<\/u><\/h4>\n<p>[\/vc_column_text]<style id=\"wpforms-css-vars-4117\">\n\t\t\t\t#wpforms-4117 {\n\t\t\t\t--wpforms-field-size-input-height: 43px;\n--wpforms-field-size-input-spacing: 15px;\n--wpforms-field-size-font-size: 16px;\n--wpforms-field-size-line-height: 19px;\n--wpforms-field-size-padding-h: 14px;\n--wpforms-field-size-checkbox-size: 16px;\n--wpforms-field-size-sublabel-spacing: 5px;\n--wpforms-field-size-icon-size: 1;\n--wpforms-label-size-font-size: 16px;\n--wpforms-label-size-line-height: 19px;\n--wpforms-label-size-sublabel-font-size: 14px;\n--wpforms-label-size-sublabel-line-height: 17px;\n--wpforms-button-size-font-size: 17px;\n--wpforms-button-size-height: 41px;\n--wpforms-button-size-padding-h: 15px;\n--wpforms-button-size-margin-top: 10px;\n--wpforms-container-shadow-size-box-shadow: none;\n\t\t\t}\n\t\t\t<\/style><div class=\"wpforms-container wpforms-container-full wpf-center wpforms-render-modern\" id=\"wpforms-4117\"><form id=\"wpforms-form-4117\" class=\"wpforms-validate wpforms-form wpforms-ajax-form\" data-formid=\"4117\" method=\"post\" enctype=\"multipart\/form-data\" action=\"\/fr\/wp-json\/wp\/v2\/pages\/3979?wpforms_form_id=4117\" data-token=\"37566898e334eb7b43dd23d70087d89f\" data-token-time=\"1778986923\"><noscript class=\"wpforms-error-noscript\">Veuillez activer JavaScript dans votre navigateur pour remplir ce formulaire.<\/noscript><div id=\"wpforms-error-noscript\" style=\"display: none;\">Veuillez activer JavaScript dans votre navigateur pour remplir ce formulaire.<\/div><div class=\"wpforms-field-container\"><div id=\"wpforms-4117-field_1-container\" class=\"wpforms-field wpforms-field-name\" data-field-type=\"name\" data-field-id=\"1\"><fieldset><legend class=\"wpforms-field-label\">Nom complete <span class=\"wpforms-required-label\" aria-hidden=\"true\">*<\/span><\/legend><div class=\"wpforms-field-row wpforms-field-medium\"><div class=\"wpforms-field-row-block wpforms-first wpforms-one-half\"><input type=\"text\" id=\"wpforms-4117-field_1\" class=\"wpforms-field-name-first wpforms-field-required\" name=\"wpforms[fields][1][first]\" aria-errormessage=\"wpforms-4117-field_1-error\" required><label for=\"wpforms-4117-field_1\" class=\"wpforms-field-sublabel after\">Pr\u00e9nom<\/label><\/div><div class=\"wpforms-field-row-block wpforms-one-half\"><input type=\"text\" id=\"wpforms-4117-field_1-last\" class=\"wpforms-field-name-last wpforms-field-required\" name=\"wpforms[fields][1][last]\" aria-errormessage=\"wpforms-4117-field_1-last-error\" required><label for=\"wpforms-4117-field_1-last\" class=\"wpforms-field-sublabel after\">Nom<\/label><\/div><\/div><\/fieldset><\/div><div id=\"wpforms-4117-field_2-container\" class=\"wpforms-field wpforms-field-email\" data-field-type=\"email\" data-field-id=\"2\"><label class=\"wpforms-field-label\" for=\"wpforms-4117-field_2\">Courriel <span class=\"wpforms-required-label\" aria-hidden=\"true\">*<\/span><\/label><input type=\"email\" id=\"wpforms-4117-field_2\" class=\"wpforms-field-medium wpforms-field-required\" name=\"wpforms[fields][2]\" spellcheck=\"false\" aria-errormessage=\"wpforms-4117-field_2-error\" required><\/div><div id=\"wpforms-4117-field_5-container\" class=\"wpforms-field wpforms-field-phone\" data-field-type=\"phone\" data-field-id=\"5\"><label class=\"wpforms-field-label\" for=\"wpforms-4117-field_5\">T\u00e9l\u00e9phone <span class=\"wpforms-required-label\" aria-hidden=\"true\">*<\/span><\/label><input type=\"tel\" id=\"wpforms-4117-field_5\" class=\"wpforms-field-medium wpforms-field-required wpforms-smart-phone-field\" data-rule-smart-phone-field=\"true\" name=\"wpforms[fields][5]\" aria-label=\"T\u00e9l\u00e9phone\" aria-errormessage=\"wpforms-4117-field_5-error\" required><\/div><div id=\"wpforms-4117-field_7-container\" class=\"wpforms-field wpforms-field-radio\" data-field-type=\"radio\" data-field-id=\"7\"><fieldset><legend class=\"wpforms-field-label\">Choisissez votre poste <span class=\"wpforms-required-label\" aria-hidden=\"true\">*<\/span><\/legend><ul id=\"wpforms-4117-field_7\" class=\"wpforms-field-required\"><li class=\"choice-1 depth-1\"><input type=\"radio\" id=\"wpforms-4117-field_7_1\" name=\"wpforms[fields][7]\" value=\"Pr\u00e9pos\u00e9(e) \u00e0 l\u2019accueil\" aria-errormessage=\"wpforms-4117-field_7_1-error\" required ><label class=\"wpforms-field-label-inline\" for=\"wpforms-4117-field_7_1\">Pr\u00e9pos\u00e9(e) \u00e0 l\u2019accueil<\/label><\/li><li class=\"choice-2 depth-1\"><input type=\"radio\" id=\"wpforms-4117-field_7_2\" name=\"wpforms[fields][7]\" value=\"Pr\u00e9pos\u00e9(e) au casse-cro\u00fbte\" aria-errormessage=\"wpforms-4117-field_7_2-error\" required ><label class=\"wpforms-field-label-inline\" for=\"wpforms-4117-field_7_2\">Pr\u00e9pos\u00e9(e) au casse-cro\u00fbte<\/label><\/li><\/ul><\/fieldset><\/div>\t\t<div id=\"wpforms-4117-field_4-container\"\n\t\t\tclass=\"wpforms-field wpforms-field-text\"\n\t\t\tdata-field-type=\"text\"\n\t\t\tdata-field-id=\"4\"\n\t\t\t>\n\t\t\t<label class=\"wpforms-field-label\" for=\"wpforms-4117-field_4\" >(.pdf votre (facultatif)<\/label>\n\t\t\t<input type=\"text\" id=\"wpforms-4117-field_4\" class=\"wpforms-field-medium\" name=\"wpforms[fields][4]\" >\n\t\t<\/div>\n\t\t<div id=\"wpforms-4117-field_6-container\" class=\"wpforms-field wpforms-field-file-upload\" data-field-type=\"file-upload\" data-field-id=\"6\"><label class=\"wpforms-field-label\" for=\"wpforms-4117-field_6\">T\u00e9l\u00e9chargez votre CV (.pdf .doc .docx uniquement) <span class=\"wpforms-required-label\" aria-hidden=\"true\">*<\/span><\/label><div\n\t\tclass=\"wpforms-uploader wpforms-field-required\"\n\t\tdata-field-id=\"6\"\n\t\tdata-form-id=\"4117\"\n\t\tdata-input-name=\"wpforms_4117_6\"\n\t\tdata-extensions=\"pdf,doc,docx\"\n\t\tdata-max-size=\"2097152\"\n\t\tdata-max-file-number=\"1\"\n\t\tdata-post-max-size=\"2097152\"\n\t\tdata-max-parallel-uploads=\"4\"\n\t\tdata-parallel-uploads=\"true\"\n\t\tdata-file-chunk-size=\"2097152\">\n\t<div class=\"dz-message\">\n\t\t<svg  viewBox=\"0 0 640 640\" focusable=\"false\" data-icon=\"inbox\" width=\"50px\" height=\"50px\" fill=\"currentColor\" aria-hidden=\"true\">\n\t\t\t<path d=\"M352 173.3L352 384C352 401.7 337.7 416 320 416C302.3 416 288 401.7 288 384L288 173.3L246.6 214.7C234.1 227.2 213.8 227.2 201.3 214.7C188.8 202.2 188.8 181.9 201.3 169.4L297.3 73.4C309.8 60.9 330.1 60.9 342.6 73.4L438.6 169.4C451.1 181.9 451.1 202.2 438.6 214.7C426.1 227.2 405.8 227.2 393.3 214.7L352 173.3zM320 464C364.2 464 400 428.2 400 384L480 384C515.3 384 544 412.7 544 448L544 480C544 515.3 515.3 544 480 544L160 544C124.7 544 96 515.3 96 480L96 448C96 412.7 124.7 384 160 384L240 384C240 428.2 275.8 464 320 464zM464 488C477.3 488 488 477.3 488 464C488 450.7 477.3 440 464 440C450.7 440 440 450.7 440 464C440 477.3 450.7 488 464 488z\"\/>\n\t\t<\/svg>\n\n\t\t<span class=\"modern-title\">\n\t\t\t\t\t\t\tDrag &amp; Drop Files, \t\t\t\t<span>Choose Files to Upload<\/span>\n\t\t\t\t\t<\/span>\n\n\t\t\t<\/div>\n<\/div>\n\n<input\n\t\ttype=\"text\"\n\t\tautocomplete=\"off\"\n\t\treadonly\n\t\tclass=\"dropzone-input\"\n\t\tstyle=\"position:absolute!important;clip:rect(0,0,0,0)!important;height:1px!important;width:1px!important;border:0!important;overflow:hidden!important;padding:0!important;margin:0!important;\"\n\t\tid=\"wpforms-4117-field_6\"\n\t\tname=\"wpforms_4117_6\" required\t\tvalue=\"\">\n<\/div><div id=\"wpforms-4117-field_3-container\" class=\"wpforms-field wpforms-field-textarea\" data-field-type=\"textarea\" data-field-id=\"3\"><label class=\"wpforms-field-label\" for=\"wpforms-4117-field_3\">Message (facultatif)<\/label><textarea id=\"wpforms-4117-field_3\" class=\"wpforms-field-medium\" name=\"wpforms[fields][3]\" aria-errormessage=\"wpforms-4117-field_3-error\" ><\/textarea><\/div><script>\n\t\t\t\t( function() {\n\t\t\t\t\tconst style = document.createElement( 'style' );\n\t\t\t\t\tstyle.appendChild( document.createTextNode( '#wpforms-4117-field_4-container { position: absolute !important; overflow: hidden !important; display: inline !important; height: 1px !important; width: 1px !important; z-index: -1000 !important; padding: 0 !important; } #wpforms-4117-field_4-container input { visibility: hidden; } #wpforms-conversational-form-page #wpforms-4117-field_4-container label { counter-increment: none; }' ) );\n\t\t\t\t\tdocument.head.appendChild( style );\n\t\t\t\t\tdocument.currentScript?.remove();\n\t\t\t\t} )();\n\t\t\t<\/script><\/div><!-- .wpforms-field-container --><div class=\"wpforms-submit-container\" ><input type=\"hidden\" name=\"wpforms[id]\" value=\"4117\"><input type=\"hidden\" name=\"page_title\" value=\"\"><input type=\"hidden\" name=\"page_url\" value=\"https:\/\/zigzagzoo.ca\/fr\/wp-json\/wp\/v2\/pages\/3979\"><input type=\"hidden\" name=\"url_referer\" value=\"\"><button type=\"submit\" name=\"wpforms[submit]\" id=\"wpforms-submit-4117\" class=\"wpforms-submit\" data-alt-text=\"Envoi...\" data-submit-text=\"Envoyer\" aria-live=\"assertive\" value=\"wpforms-submit\">Envoyer<\/button><img loading=\"lazy\" decoding=\"async\" src=\"https:\/\/zigzagzoo.ca\/wp-content\/plugins\/wpforms\/assets\/images\/submit-spin.svg\" class=\"wpforms-submit-spinner\" style=\"display: none;\" width=\"26\" height=\"26\" alt=\"Chargement en cours\"><\/div><\/form><\/div>  <!-- .wpforms-container -->[vc_empty_space css_params=\u00a0\u00bb\u00a0\u00bb][\/vc_column][\/vc_row]<\/p>\n<\/div>","protected":false},"excerpt":{"rendered":"<p>[vc_row wrap_container=\u00a0\u00bbyes\u00a0\u00bb el_class=\u00a0\u00bbpb-5 overflow-hidden\u00a0\u00bb][vc_column el_class=\u00a0\u00bbmx-md-auto\u00a0\u00bb animation_type=\u00a0\u00bbmaskUp\u00a0\u00bb][vc_column_text css=\u00a0\u00bb\u00a0\u00bb css_params=\u00a0\u00bb\u00a0\u00bb] \u00c0 propos [\/vc_column_text][\/vc_column][\/vc_row][vc_row wrap_container=\u00a0\u00bbyes\u00a0\u00bb animation_delay=\u00a0\u00bb\u00a0\u00bb el_class=\u00a0\u00bbpb-5&Prime;][vc_column][vc_row_inner][vc_column_inner width=\u00a0\u00bb1\/2&Prime; animation_delay=\u00a0\u00bb800&Prime; animation_type=\u00a0\u00bbfadeInLeft\u00a0\u00bb][\/vc_column_inner][vc_column_inner width=\u00a0\u00bb1\/2&Prime; animation_delay=\u00a0\u00bb600&Prime; animation_type=\u00a0\u00bbfadeIn\u00a0\u00bb][\/vc_column_inner][\/vc_row_inner][\/vc_column][\/vc_row][vc_row full_width=\u00a0\u00bbstretch_row\u00a0\u00bb wrap_container=\u00a0\u00bbyes\u00a0\u00bb is_section=\u00a0\u00bbyes\u00a0\u00bb section_skin=\u00a0\u00bbprimary\u00a0\u00bb remove_margin_top=\u00a0\u00bbyes\u00a0\u00bb remove_margin_bottom=\u00a0\u00bbyes\u00a0\u00bb remove_border=\u00a0\u00bbyes\u00a0\u00bb animation_delay=\u00a0\u00bb100&Prime; el_class=\u00a0\u00bbpb-5&Prime; animation_type=\u00a0\u00bbfadeIn\u00a0\u00bb][vc_column width=\u00a0\u00bb1\/3&Prime;][\/vc_column][vc_column width=\u00a0\u00bb1\/3&Prime;][\/vc_column][vc_column width=\u00a0\u00bb1\/3&Prime;][\/vc_column][\/vc_row][vc_row wrap_container=\u00a0\u00bbyes\u00a0\u00bb is_section=\u00a0\u00bbyes\u00a0\u00bb remove_margin_top=\u00a0\u00bbyes\u00a0\u00bb remove_margin_bottom=\u00a0\u00bbyes\u00a0\u00bb remove_border=\u00a0\u00bbyes\u00a0\u00bb el_class=\u00a0\u00bbp-t-xxl row-align-items-center\u00a0\u00bb][vc_column offset=\u00a0\u00bbvc_col-md-6&Prime; el_class=\u00a0\u00bbpe-lg-5 mb-sm-5 mb-lg-0&Prime;][vc_custom_heading text=\u00a0\u00bbQui Nous Sommes\u00a0\u00bb font_container=\u00a0\u00bbtag:h3|font_size:25|text_align:left|line_height:1&Prime; use_theme_fonts=\u00a0\u00bbyes\u00a0\u00bb el_class=\u00a0\u00bbmb-3&Prime; css_params=\u00a0\u00bb\u00a0\u00bb][vc_column_text css=\u00a0\u00bb\u00a0\u00bb css_params=\u00a0\u00bb\u00a0\u00bb]Un immense espace [&hellip;]<\/p>\n","protected":false},"author":1,"featured_media":0,"parent":0,"menu_order":0,"comment_status":"closed","ping_status":"closed","template":"","meta":{"footnotes":""},"class_list":["post-3979","page","type-page","status-publish","hentry"],"_links":{"self":[{"href":"https:\/\/zigzagzoo.ca\/fr\/wp-json\/wp\/v2\/pages\/3979","targetHints":{"allow":["GET"]}}],"collection":[{"href":"https:\/\/zigzagzoo.ca\/fr\/wp-json\/wp\/v2\/pages"}],"about":[{"href":"https:\/\/zigzagzoo.ca\/fr\/wp-json\/wp\/v2\/types\/page"}],"author":[{"embeddable":true,"href":"https:\/\/zigzagzoo.ca\/fr\/wp-json\/wp\/v2\/users\/1"}],"replies":[{"embeddable":true,"href":"https:\/\/zigzagzoo.ca\/fr\/wp-json\/wp\/v2\/comments?post=3979"}],"version-history":[{"count":17,"href":"https:\/\/zigzagzoo.ca\/fr\/wp-json\/wp\/v2\/pages\/3979\/revisions"}],"predecessor-version":[{"id":4280,"href":"https:\/\/zigzagzoo.ca\/fr\/wp-json\/wp\/v2\/pages\/3979\/revisions\/4280"}],"wp:attachment":[{"href":"https:\/\/zigzagzoo.ca\/fr\/wp-json\/wp\/v2\/media?parent=3979"}],"curies":[{"name":"wp","href":"https:\/\/api.w.org\/{rel}","templated":true}]}}