{"id":3879,"date":"2025-05-13T18:14:05","date_gmt":"2025-05-13T18:14:05","guid":{"rendered":"https:\/\/zigzagzoo.ca\/demande-de-reservation-dune-table-dans-la-section-boite-a-lunch\/"},"modified":"2025-06-09T20:21:17","modified_gmt":"2025-06-09T20:21:17","slug":"demande-de-reservation-dune-table-dans-la-section-boite-a-lunch","status":"publish","type":"page","link":"https:\/\/zigzagzoo.ca\/fr\/demande-de-reservation-dune-table-dans-la-section-boite-a-lunch\/","title":{"rendered":"Demande de r\u00e9servation d\u2019une table dans la section boite \u00e0 lunch"},"content":{"rendered":"<div class=\"wpb-content-wrapper\"><p>[vc_row conditional_render=\u00a0\u00bb%5B%7B%22value_role%22%3A%22administrator%22%7D%5D\u00a0\u00bb css_params=\u00a0\u00bb\u00a0\u00bb][vc_column conditional_render=\u00a0\u00bb%5B%7B%22value_role%22%3A%22administrator%22%7D%5D\u00a0\u00bb css_params=\u00a0\u00bb\u00a0\u00bb][vc_column_text css=\u00a0\u00bb\u00a0\u00bb css_params=\u00a0\u00bb\u00a0\u00bb]<\/p>\n<p><\/p>\n<h1 style=\"text-align: center;\">Demande de r\u00e9servation d\u2019une table dans la section boite \u00e0 lunch<\/h1>\n<p><\/p>\n<p>[\/vc_column_text][vc_row_inner css=\u00a0\u00bb.vc_custom_1747155857171{padding-bottom: 20px !important;}\u00a0\u00bb css_params=\u00a0\u00bb\u00a0\u00bb][vc_column_inner width=\u00a0\u00bb1\/6&Prime;][\/vc_column_inner][vc_column_inner width=\u00a0\u00bb2\/3&Prime;]<style id=\"wpforms-css-vars-3295\">\n\t\t\t\t#wpforms-3295 {\n\t\t\t\t--wpforms-field-size-input-height: 43px;\n--wpforms-field-size-input-spacing: 15px;\n--wpforms-field-size-font-size: 16px;\n--wpforms-field-size-line-height: 19px;\n--wpforms-field-size-padding-h: 14px;\n--wpforms-field-size-checkbox-size: 16px;\n--wpforms-field-size-sublabel-spacing: 5px;\n--wpforms-field-size-icon-size: 1;\n--wpforms-label-size-font-size: 16px;\n--wpforms-label-size-line-height: 19px;\n--wpforms-label-size-sublabel-font-size: 14px;\n--wpforms-label-size-sublabel-line-height: 17px;\n--wpforms-button-size-font-size: 17px;\n--wpforms-button-size-height: 41px;\n--wpforms-button-size-padding-h: 15px;\n--wpforms-button-size-margin-top: 10px;\n--wpforms-container-shadow-size-box-shadow: none;\n\t\t\t}\n\t\t\t<\/style><div class=\"wpforms-container wpforms-container-full wpf-center wpforms-render-modern\" id=\"wpforms-3295\"><form id=\"wpforms-form-3295\" class=\"wpforms-validate wpforms-form wpforms-ajax-form\" data-formid=\"3295\" method=\"post\" enctype=\"multipart\/form-data\" action=\"\/fr\/wp-json\/wp\/v2\/pages\/3879\" data-token=\"17e1115fffef42c3226d344837f0add3\" data-token-time=\"1778987767\"><noscript class=\"wpforms-error-noscript\">Veuillez activer JavaScript dans votre navigateur pour remplir ce formulaire.<\/noscript><div id=\"wpforms-error-noscript\" style=\"display: none;\">Veuillez activer JavaScript dans votre navigateur pour remplir ce formulaire.<\/div><div class=\"wpforms-field-container\">\t\t<div id=\"wpforms-3295-field_1-container\"\n\t\t\tclass=\"wpforms-field wpforms-field-text\"\n\t\t\tdata-field-type=\"text\"\n\t\t\tdata-field-id=\"1\"\n\t\t\t>\n\t\t\t<label class=\"wpforms-field-label\" for=\"wpforms-3295-field_1\" >heure l&#039;enfant Sont-ils<\/label>\n\t\t\t<input type=\"text\" id=\"wpforms-3295-field_1\" class=\"wpforms-field-medium\" name=\"wpforms[fields][1]\" >\n\t\t<\/div>\n\t\t<div id=\"wpforms-3295-field_23-container\" class=\"wpforms-field wpforms-field-radio\" data-field-type=\"radio\" data-field-id=\"23\"><fieldset><legend class=\"wpforms-field-label\">Table dans la section boite \u00e0 lunch<\/legend><ul id=\"wpforms-3295-field_23\"><li class=\"choice-1 depth-1 wpforms-selected\"><input type=\"radio\" id=\"wpforms-3295-field_23_1\" name=\"wpforms[fields][23]\" value=\"Table\" aria-errormessage=\"wpforms-3295-field_23_1-error\"   checked='checked'><label class=\"wpforms-field-label-inline\" for=\"wpforms-3295-field_23_1\">Table<\/label><\/li><\/ul><\/fieldset><\/div><div id=\"wpforms-3295-field_6-container\" class=\"wpforms-field wpforms-field-name\" data-field-type=\"name\" data-field-id=\"6\"><fieldset><legend class=\"wpforms-field-label\">Pr\u00e9nom et nom du parent <span class=\"wpforms-required-label\" aria-hidden=\"true\">*<\/span><\/legend><div class=\"wpforms-field-row wpforms-field-medium\"><div class=\"wpforms-field-row-block wpforms-first wpforms-one-half\"><input type=\"text\" id=\"wpforms-3295-field_6\" class=\"wpforms-field-name-first wpforms-field-required\" name=\"wpforms[fields][6][first]\" placeholder=\"Pr\u00e9nom\" aria-errormessage=\"wpforms-3295-field_6-error\" required><label for=\"wpforms-3295-field_6\" class=\"wpforms-field-sublabel after\">Pr\u00e9nom<\/label><\/div><div class=\"wpforms-field-row-block wpforms-one-half\"><input type=\"text\" id=\"wpforms-3295-field_6-last\" class=\"wpforms-field-name-last wpforms-field-required\" name=\"wpforms[fields][6][last]\" placeholder=\"Nom\" aria-errormessage=\"wpforms-3295-field_6-last-error\" required><label for=\"wpforms-3295-field_6-last\" class=\"wpforms-field-sublabel after\">Nom<\/label><\/div><\/div><\/fieldset><\/div><div id=\"wpforms-3295-field_5-container\" class=\"wpforms-field wpforms-field-email\" data-field-type=\"email\" data-field-id=\"5\"><fieldset><legend class=\"wpforms-field-label\">Courriel <span class=\"wpforms-required-label\" aria-hidden=\"true\">*<\/span><\/legend><div class=\"wpforms-field-row wpforms-field-medium\"><div class=\"wpforms-field-row-block wpforms-one-half wpforms-first\"><input type=\"email\" id=\"wpforms-3295-field_5\" class=\"wpforms-field-required wpforms-field-email-primary\" name=\"wpforms[fields][5][primary]\" spellcheck=\"false\" aria-errormessage=\"wpforms-3295-field_5-error\" required><label for=\"wpforms-3295-field_5\" class=\"wpforms-field-sublabel after\">Courriel<\/label><\/div><div class=\"wpforms-field-row-block wpforms-one-half\"><input type=\"email\" id=\"wpforms-3295-field_5-secondary\" class=\"wpforms-field-email-secondary wpforms-field-required\" data-rule-confirm=\"#wpforms-3295-field_5\" name=\"wpforms[fields][5][secondary]\" spellcheck=\"false\" aria-errormessage=\"wpforms-3295-field_5-secondary-error\" required><label for=\"wpforms-3295-field_5-secondary\" class=\"wpforms-field-sublabel after\">Confirmez courriel<\/label><\/div><\/div><\/fieldset><\/div><div id=\"wpforms-3295-field_24-container\" class=\"wpforms-field wpforms-field-phone\" data-field-type=\"phone\" data-field-id=\"24\"><label class=\"wpforms-field-label\" for=\"wpforms-3295-field_24\">T\u00e9l\u00e9phone <span class=\"wpforms-required-label\" aria-hidden=\"true\">*<\/span><\/label><input type=\"tel\" id=\"wpforms-3295-field_24\" class=\"wpforms-field-medium wpforms-field-required wpforms-smart-phone-field\" data-rule-smart-phone-field=\"true\" name=\"wpforms[fields][24]\" aria-label=\"T\u00e9l\u00e9phone\" aria-errormessage=\"wpforms-3295-field_24-error\" required><\/div><div id=\"wpforms-3295-field_8-container\" class=\"wpforms-field wpforms-field-text\" data-field-type=\"text\" data-field-id=\"8\"><label class=\"wpforms-field-label\" for=\"wpforms-3295-field_8\">Ville <span class=\"wpforms-required-label\" aria-hidden=\"true\">*<\/span><\/label><input type=\"text\" id=\"wpforms-3295-field_8\" class=\"wpforms-field-medium wpforms-field-required\" name=\"wpforms[fields][8]\" aria-errormessage=\"wpforms-3295-field_8-error\" required><\/div><div id=\"wpforms-3295-field_9-container\" class=\"wpforms-field wpforms-field-name\" data-field-type=\"name\" data-field-id=\"9\"><fieldset><legend class=\"wpforms-field-label\">Pr\u00e9nom et nom de l&#039;enfant f\u00eat\u00e9 <span class=\"wpforms-required-label\" aria-hidden=\"true\">*<\/span><\/legend><div class=\"wpforms-field-row wpforms-field-medium\"><div class=\"wpforms-field-row-block wpforms-first wpforms-one-half\"><input type=\"text\" id=\"wpforms-3295-field_9\" class=\"wpforms-field-name-first wpforms-field-required\" name=\"wpforms[fields][9][first]\" placeholder=\"Pr\u00e9nom\" aria-errormessage=\"wpforms-3295-field_9-error\" required><label for=\"wpforms-3295-field_9\" class=\"wpforms-field-sublabel after\">Pr\u00e9nom<\/label><\/div><div class=\"wpforms-field-row-block wpforms-one-half\"><input type=\"text\" id=\"wpforms-3295-field_9-last\" class=\"wpforms-field-name-last wpforms-field-required\" name=\"wpforms[fields][9][last]\" placeholder=\"Nom\" aria-errormessage=\"wpforms-3295-field_9-last-error\" required><label for=\"wpforms-3295-field_9-last\" class=\"wpforms-field-sublabel after\">Nom<\/label><\/div><\/div><\/fieldset><\/div><div id=\"wpforms-3295-field_10-container\" class=\"wpforms-field wpforms-field-radio wpforms-list-inline\" data-field-type=\"radio\" data-field-id=\"10\"><fieldset><legend class=\"wpforms-field-label\">Sont-ils membres de ZigZagZoo ? <span class=\"wpforms-required-label\" aria-hidden=\"true\">*<\/span><\/legend><ul id=\"wpforms-3295-field_10\" class=\"wpforms-field-required\"><li class=\"choice-1 depth-1\"><input type=\"radio\" id=\"wpforms-3295-field_10_1\" name=\"wpforms[fields][10]\" value=\"Oui\" aria-errormessage=\"wpforms-3295-field_10_1-error\" required ><label class=\"wpforms-field-label-inline\" for=\"wpforms-3295-field_10_1\">Oui<\/label><\/li><li class=\"choice-2 depth-1\"><input type=\"radio\" id=\"wpforms-3295-field_10_2\" name=\"wpforms[fields][10]\" value=\"Non\" aria-errormessage=\"wpforms-3295-field_10_2-error\" required ><label class=\"wpforms-field-label-inline\" for=\"wpforms-3295-field_10_2\">Non<\/label><\/li><\/ul><\/fieldset><\/div><div id=\"wpforms-3295-field_11-container\" class=\"wpforms-field wpforms-field-select wpforms-field-select-style-classic\" data-field-type=\"select\" data-field-id=\"11\"><label class=\"wpforms-field-label\" for=\"wpforms-3295-field_11\">\u00c2ge de l&#039;enfant f\u00eat\u00e9 <span class=\"wpforms-required-label\" aria-hidden=\"true\">*<\/span><\/label><select id=\"wpforms-3295-field_11\" class=\"wpforms-field-medium wpforms-field-required\" name=\"wpforms[fields][11]\" required=\"required\"><option value=\"1 an\"  class=\"choice-1 depth-1\"  >1 an<\/option><option value=\"2 ans\"  class=\"choice-2 depth-1\"  >2 ans<\/option><option value=\"3 ans\"  class=\"choice-3 depth-1\"  >3 ans<\/option><option value=\"4 ans\"  class=\"choice-4 depth-1\"  >4 ans<\/option><option value=\"5 ans\"  class=\"choice-5 depth-1\"  >5 ans<\/option><option value=\"6 ans\"  class=\"choice-6 depth-1\"  >6 ans<\/option><option value=\"7 ans\"  class=\"choice-7 depth-1\"  >7 ans<\/option><option value=\"8 ans\"  class=\"choice-8 depth-1\"  >8 ans<\/option><option value=\"9 ans\"  class=\"choice-9 depth-1\"  >9 ans<\/option><option value=\"10 ans\"  class=\"choice-10 depth-1\"  >10 ans<\/option><option value=\"11 ans\"  class=\"choice-11 depth-1\"  >11 ans<\/option><option value=\"12 ans\"  class=\"choice-12 depth-1\"  >12 ans<\/option><\/select><\/div><div id=\"wpforms-3295-field_14-container\" class=\"wpforms-field wpforms-field-number\" data-field-type=\"number\" data-field-id=\"14\"><label class=\"wpforms-field-label\" for=\"wpforms-3295-field_14\">Nombre estim\u00e9 d&#039;enfants <span class=\"wpforms-required-label\" aria-hidden=\"true\">*<\/span><\/label><input type=\"number\" id=\"wpforms-3295-field_14\" class=\"wpforms-field-medium wpforms-field-required\" name=\"wpforms[fields][14]\" step=\"any\" aria-errormessage=\"wpforms-3295-field_14-error\" required><\/div><div id=\"wpforms-3295-field_15-container\" class=\"wpforms-field wpforms-field-number\" data-field-type=\"number\" data-field-id=\"15\"><label class=\"wpforms-field-label\" for=\"wpforms-3295-field_15\">Nombre estim\u00e9 d&#039;adultes <span class=\"wpforms-required-label\" aria-hidden=\"true\">*<\/span><\/label><input type=\"number\" id=\"wpforms-3295-field_15\" class=\"wpforms-field-medium wpforms-field-required\" name=\"wpforms[fields][15]\" step=\"any\" aria-errormessage=\"wpforms-3295-field_15-error\" required><\/div><div id=\"wpforms-3295-field_25-container\" class=\"wpforms-field wpforms-field-date-time\" data-field-type=\"date-time\" data-field-id=\"25\"><fieldset><legend class=\"wpforms-field-label\">Date et heure souhait\u00e9e <span class=\"wpforms-required-label\" aria-hidden=\"true\">*<\/span><\/legend><div class=\"wpforms-field-row wpforms-field-medium\"><div class=\"wpforms-field-row-block wpforms-date-type-datepicker\"><div class=\"wpforms-datepicker-wrap\"><input type=\"text\" id=\"wpforms-3295-field_25\" class=\"wpforms-field-date-time-date wpforms-datepicker wpforms-field-required\" data-date-format=\"F j, Y\" data-disable-past-dates=\"1\" data-disable-todays-date=\"1\" data-input=\"true\" name=\"wpforms[fields][25][date]\" aria-errormessage=\"wpforms-3295-field_25-error\" required><a title=\"Clear Date\" data-clear role=\"button\" tabindex=\"0\" class=\"wpforms-datepicker-clear\" aria-label=\"Clear Date\" style=\"display:none;\"><\/a><\/div><label for=\"wpforms-3295-field_25\" class=\"wpforms-field-sublabel after\">Date<\/label><\/div><div class=\"wpforms-field-row-block\"><input type=\"text\" id=\"wpforms-3295-field_25-time\" class=\"wpforms-field-date-time-time wpforms-timepicker wpforms-field-required\" data-time-format=\"g:i A\" data-step=\"30\" data-rule-time12h=\"true\" data-min-time=\"09:30am\" data-max-time=\"03:00pm\" data-rule-time-limit=\"true\" name=\"wpforms[fields][25][time]\" aria-errormessage=\"wpforms-3295-field_25-time-error\" required><label for=\"wpforms-3295-field_25-time\" class=\"wpforms-field-sublabel after\">Time<\/label><\/div><\/div><\/fieldset><\/div><div id=\"wpforms-3295-field_20-container\" class=\"wpforms-field wpforms-field-select wpforms-conditional-trigger wpforms-field-select-style-classic\" data-field-type=\"select\" data-field-id=\"20\"><label class=\"wpforms-field-label\" for=\"wpforms-3295-field_20\">Souhaitez-vous ajouter un g\u00e2teau ? <span class=\"wpforms-required-label\" aria-hidden=\"true\">*<\/span><\/label><select id=\"wpforms-3295-field_20\" class=\"wpforms-field-medium wpforms-field-required\" name=\"wpforms[fields][20]\" required=\"required\"><option value=\"Non\"  class=\"choice-5 depth-1\"  >Non<\/option><option value=\"Chocolat (55$)\"  class=\"choice-1 depth-1\"  >Chocolat (55$)<\/option><option value=\"Vanille (55$)\"  class=\"choice-2 depth-1\"  >Vanille (55$)<\/option><option value=\"Moiti\u00e9 chocolat moiti\u00e9 vanille (55$)\"  class=\"choice-3 depth-1\"  >Moiti\u00e9 chocolat moiti\u00e9 vanille (55$)<\/option><option value=\"Choisissez un g\u00e2teau \u00e0 th\u00e9matique (59.40$)\"  class=\"choice-4 depth-1\"  >Choisissez un g\u00e2teau \u00e0 th\u00e9matique (59.40$)<\/option><\/select><\/div><div id=\"wpforms-3295-field_18-container\" class=\"wpforms-field wpforms-field-select wpforms-conditional-field wpforms-conditional-show wpforms-field-select-style-classic\" data-field-type=\"select\" data-field-id=\"18\" style=\"display:none;\"><label class=\"wpforms-field-label\" for=\"wpforms-3295-field_18\">Choisissez un g\u00e2teau th\u00e9matique<\/label><select id=\"wpforms-3295-field_18\" class=\"wpforms-field-medium\" name=\"wpforms[fields][18]\"><option value=\"Batman\"  class=\"choice-1 depth-1\"  >Batman<\/option><option value=\"Les Bagnoles\"  class=\"choice-2 depth-1\"  >Les Bagnoles<\/option><option value=\"Construction\"  class=\"choice-3 depth-1\"  >Construction<\/option><option value=\"Dinosaures\"  class=\"choice-4 depth-1\"  >Dinosaures<\/option><option value=\"Encanto\"  class=\"choice-5 depth-1\"  >Encanto<\/option><option value=\"Reine des Neiges\"  class=\"choice-6 depth-1\"  >Reine des Neiges<\/option><option value=\"Hockey\"  class=\"choice-7 depth-1\"  >Hockey<\/option><option value=\"La petite sir\u00e8ne\"  class=\"choice-8 depth-1\"  >La petite sir\u00e8ne<\/option><option value=\"Mandalorian\"  class=\"choice-9 depth-1\"  >Mandalorian<\/option><option value=\"Minions\"  class=\"choice-17 depth-1\"  >Minions<\/option><option value=\"Pat Patrouille\"  class=\"choice-16 depth-1\"  >Pat Patrouille<\/option><option value=\"Pokemon\"  class=\"choice-15 depth-1\"  >Pokemon<\/option><option value=\"Princesses\"  class=\"choice-14 depth-1\"  >Princesses<\/option><option value=\"Soccer\"  class=\"choice-13 depth-1\"  >Soccer<\/option><option value=\"Spiderman\"  class=\"choice-12 depth-1\"  >Spiderman<\/option><option value=\"Mario kart\"  class=\"choice-11 depth-1\"  >Mario kart<\/option><option value=\"Image imprim\u00e9e personnalis\u00e9e (envoyer \u00e0 fete@zigzagzoo.ca)\"  class=\"choice-18 depth-1\"  >Image imprim\u00e9e personnalis\u00e9e (envoyer \u00e0 fete@zigzagzoo.ca)<\/option><\/select><\/div><div id=\"wpforms-3295-field_33-container\" class=\"wpforms-field wpforms-field-text wpforms-conditional-field wpforms-conditional-show\" data-field-type=\"text\" data-field-id=\"33\" style=\"display:none;\"><label class=\"wpforms-field-label\" for=\"wpforms-3295-field_33\">Inscription g\u00e2teau<\/label><input type=\"text\" id=\"wpforms-3295-field_33\" class=\"wpforms-field-medium\" name=\"wpforms[fields][33]\" aria-errormessage=\"wpforms-3295-field_33-error\" ><\/div><div id=\"wpforms-3295-field_21-container\" class=\"wpforms-field wpforms-field-textarea\" data-field-type=\"textarea\" data-field-id=\"21\"><label class=\"wpforms-field-label\" for=\"wpforms-3295-field_21\">Commentaires<\/label><textarea id=\"wpforms-3295-field_21\" class=\"wpforms-field-medium\" name=\"wpforms[fields][21]\" aria-errormessage=\"wpforms-3295-field_21-error\" ><\/textarea><\/div><div id=\"wpforms-3295-field_28-container\" class=\"wpforms-field wpforms-field-html\" data-field-type=\"html\" data-field-id=\"28\"><div id=\"wpforms-3295-field_28\" aria-errormessage=\"wpforms-3295-field_28-error\"><p style=\"color: red; text-align: center;\"><strong>CECI NE CONSTITUE PAS UNE R\u00c9SERVATION.\r\nNOUS VOUS CONTACTERONS DANS LES PLUS BREFS D\u00c9LAIS POUR FINALISER VOTRE DEMANDE.\r\nLORS DE VOTRE R\u00c9SERVATION, UN D\u00c9P\u00d4T DE 100% SERA N\u00c9CESSAIRE.<\/strong><\/p>\r\n<p style=\"color: blue; text-align: center;\">NOUS ACCEPTONS : VISA, MASTERCARD, AMEX, COMPTANT OU D\u00c9BIT.<\/p>\r\n<p style=\"color: red; text-align: center;\">J'accepte les conditions ci-haut mentionn\u00e9es lorsque je soumets ce formulaire<\/p><\/div><\/div><script>\n\t\t\t\t( function() {\n\t\t\t\t\tconst style = document.createElement( 'style' );\n\t\t\t\t\tstyle.appendChild( document.createTextNode( '#wpforms-3295-field_1-container { position: absolute !important; overflow: hidden !important; display: inline !important; height: 1px !important; width: 1px !important; z-index: -1000 !important; padding: 0 !important; } #wpforms-3295-field_1-container input { visibility: hidden; } #wpforms-conversational-form-page #wpforms-3295-field_1-container label { counter-increment: none; }' ) );\n\t\t\t\t\tdocument.head.appendChild( style );\n\t\t\t\t\tdocument.currentScript?.remove();\n\t\t\t\t} )();\n\t\t\t<\/script><\/div><!-- .wpforms-field-container --><div class=\"wpforms-submit-container\" ><input type=\"hidden\" name=\"wpforms[id]\" value=\"3295\"><input type=\"hidden\" name=\"page_title\" value=\"\"><input type=\"hidden\" name=\"page_url\" value=\"https:\/\/zigzagzoo.ca\/fr\/wp-json\/wp\/v2\/pages\/3879\"><input type=\"hidden\" name=\"url_referer\" value=\"\"><button type=\"submit\" name=\"wpforms[submit]\" id=\"wpforms-submit-3295\" class=\"wpforms-submit\" data-alt-text=\"Envoi...\" data-submit-text=\"Envoyer\" aria-live=\"assertive\" value=\"wpforms-submit\">Envoyer<\/button><img loading=\"lazy\" decoding=\"async\" src=\"https:\/\/zigzagzoo.ca\/wp-content\/plugins\/wpforms\/assets\/images\/submit-spin.svg\" class=\"wpforms-submit-spinner\" style=\"display: none;\" width=\"26\" height=\"26\" alt=\"Chargement en cours\"><\/div><\/form><\/div>  <!-- .wpforms-container -->[\/vc_column_inner][vc_column_inner width=\u00a0\u00bb1\/6&Prime;][\/vc_column_inner][\/vc_row_inner][\/vc_column][\/vc_row]<\/p>\n<\/div>","protected":false},"excerpt":{"rendered":"<p>[vc_row conditional_render=\u00a0\u00bb%5B%7B%22value_role%22%3A%22administrator%22%7D%5D\u00a0\u00bb css_params=\u00a0\u00bb\u00a0\u00bb][vc_column conditional_render=\u00a0\u00bb%5B%7B%22value_role%22%3A%22administrator%22%7D%5D\u00a0\u00bb css_params=\u00a0\u00bb\u00a0\u00bb][vc_column_text css=\u00a0\u00bb\u00a0\u00bb css_params=\u00a0\u00bb\u00a0\u00bb] Demande de r\u00e9servation d\u2019une table dans la section boite \u00e0 lunch [\/vc_column_text][vc_row_inner css=\u00a0\u00bb.vc_custom_1747155857171{padding-bottom: 20px !important;}\u00a0\u00bb css_params=\u00a0\u00bb\u00a0\u00bb][vc_column_inner width=\u00a0\u00bb1\/6&Prime;][\/vc_column_inner][vc_column_inner width=\u00a0\u00bb2\/3&Prime;][\/vc_column_inner][vc_column_inner width=\u00a0\u00bb1\/6&Prime;][\/vc_column_inner][\/vc_row_inner][\/vc_column][\/vc_row]<\/p>\n","protected":false},"author":1,"featured_media":0,"parent":0,"menu_order":0,"comment_status":"closed","ping_status":"closed","template":"","meta":{"footnotes":""},"class_list":["post-3879","page","type-page","status-publish","hentry"],"_links":{"self":[{"href":"https:\/\/zigzagzoo.ca\/fr\/wp-json\/wp\/v2\/pages\/3879","targetHints":{"allow":["GET"]}}],"collection":[{"href":"https:\/\/zigzagzoo.ca\/fr\/wp-json\/wp\/v2\/pages"}],"about":[{"href":"https:\/\/zigzagzoo.ca\/fr\/wp-json\/wp\/v2\/types\/page"}],"author":[{"embeddable":true,"href":"https:\/\/zigzagzoo.ca\/fr\/wp-json\/wp\/v2\/users\/1"}],"replies":[{"embeddable":true,"href":"https:\/\/zigzagzoo.ca\/fr\/wp-json\/wp\/v2\/comments?post=3879"}],"version-history":[{"count":2,"href":"https:\/\/zigzagzoo.ca\/fr\/wp-json\/wp\/v2\/pages\/3879\/revisions"}],"predecessor-version":[{"id":3881,"href":"https:\/\/zigzagzoo.ca\/fr\/wp-json\/wp\/v2\/pages\/3879\/revisions\/3881"}],"wp:attachment":[{"href":"https:\/\/zigzagzoo.ca\/fr\/wp-json\/wp\/v2\/media?parent=3879"}],"curies":[{"name":"wp","href":"https:\/\/api.w.org\/{rel}","templated":true}]}}