{"id":3616,"date":"2025-05-12T16:17:17","date_gmt":"2025-05-12T20:17:17","guid":{"rendered":"https:\/\/zigzagzoo.ca\/forfaits-groupes\/"},"modified":"2026-04-13T10:00:07","modified_gmt":"2026-04-13T14:00:07","slug":"forfaits-groupes","status":"publish","type":"page","link":"https:\/\/zigzagzoo.ca\/fr\/forfaits-groupes\/","title":{"rendered":"Forfaits Groupes"},"content":{"rendered":"<div class=\"wpb-content-wrapper\"><p>[vc_row conditional_render=\u00a0\u00bb%5B%7B%22value_role%22%3A%22administrator%22%7D%5D\u00a0\u00bb css_params=\u00a0\u00bb\u00a0\u00bb][vc_column][vc_column_text css=\u00a0\u00bb\u00a0\u00bb css_params=\u00a0\u00bb\u00a0\u00bb]<\/p>\n<h1 style=\"text-align: center;\">Forfaits Groupes<\/h1>\n<p>[\/vc_column_text][vc_single_image image=\u00a0\u00bb3485&Prime; img_size=\u00a0\u00bbfull\u00a0\u00bb alignment=\u00a0\u00bbcenter\u00a0\u00bb css=\u00a0\u00bb\u00a0\u00bb img_object=\u00a0\u00bbfill\u00a0\u00bb css_params=\u00a0\u00bb\u00a0\u00bb][vc_row_inner][vc_column_inner width=\u00a0\u00bb1\/2&Prime;][vc_custom_heading text=\u00a0\u00bbVenez bouger chez ZigZagZoo!\u00a0\u00bb font_container=\u00a0\u00bbtag:h3|text_align:center|color:%2300448f\u00a0\u00bb use_theme_fonts=\u00a0\u00bbyes\u00a0\u00bb css_params=\u00a0\u00bb\u00a0\u00bb][vc_column_text css=\u00a0\u00bb\u00a0\u00bb css_params=\u00a0\u00bb\u00a0\u00bb]<\/p>\n<p style=\"text-align: center;\">Forfaits disponibles pour les \u00e9coles, garderies, camps, forfaits de No\u00ebl, \u00e9v\u00e8nements corporatifs, et associations sportives.<br \/>\nComme \u00e9ducateurs ou professeurs vous \u00eates constamment \u00e0 la recherche d&rsquo;un environnement s\u00e9curitaire, propre et amusant avec des prix raisonnables pour sortir les enfants.<br \/>\nZigZagZoo est une sortie parfaite pour les enfants d&rsquo;\u00e2ge pr\u00e9scolaire et scolaire ainsi que pour les adultes accompagnateurs qui pourront, eux aussi, grimper dans notre immense structure de jeu de 4 \u00e9tages. Tous pourront relever des d\u00e9fis stimulants!<br \/>\nN\u2019h\u00e9sitez pas \u00e0 nous contacter si vous avez des questions additionnelles!<\/p>\n<p>&nbsp;<\/p>\n<p style=\"text-align: center;\"><strong>Au plaisir de vous accueillir au ZigZagZoo!<\/strong><\/p>\n<p>\n[\/vc_column_text][\/vc_column_inner][vc_column_inner width=\u00a0\u00bb1\/2&Prime;][vc_single_image image=\u00a0\u00bb3965&Prime; img_size=\u00a0\u00bblarge\u00a0\u00bb alignment=\u00a0\u00bbcenter\u00a0\u00bb css=\u00a0\u00bb\u00a0\u00bb css_params=\u00a0\u00bb\u00a0\u00bb img_mwidth=\u00a0\u00bb{\u00ab\u00a0xl\u00ab\u00a0:\u00ab\u00a0\u00ab\u00a0,\u00ab\u00a0unit\u00ab\u00a0:\u00ab\u00a0\u00ab\u00a0,\u00ab\u00a0xs\u00ab\u00a0:\u00ab\u00a0\u00ab\u00a0,\u00ab\u00a0sm\u00ab\u00a0:\u00ab\u00a0\u00ab\u00a0,\u00ab\u00a0md\u00ab\u00a0:\u00ab\u00a0\u00ab\u00a0,\u00ab\u00a0lg\u00ab\u00a0:\u00ab\u00a0\u00ab\u00a0}\u00a0\u00bb img_width=\u00a0\u00bb{\u00ab\u00a0xl\u00ab\u00a0:\u00ab\u00a0500\u00ab\u00a0,\u00ab\u00a0unit\u00ab\u00a0:\u00ab\u00a0\u00ab\u00a0,\u00ab\u00a0xs\u00ab\u00a0:\u00ab\u00a0\u00ab\u00a0,\u00ab\u00a0sm\u00ab\u00a0:\u00ab\u00a0\u00ab\u00a0,\u00ab\u00a0md\u00ab\u00a0:\u00ab\u00a0\u00ab\u00a0,\u00ab\u00a0lg\u00ab\u00a0:\u00ab\u00a0\u00ab\u00a0}\u00a0\u00bb][\/vc_column_inner][\/vc_row_inner][\/vc_column][\/vc_row][vc_row css=\u00a0\u00bb.vc_custom_1732579331621{margin-top: 25px !important;margin-bottom: 25px !important;}\u00a0\u00bb conditional_render=\u00a0\u00bb%5B%7B%22value_role%22%3A%22administrator%22%7D%5D\u00a0\u00bb css_params=\u00a0\u00bb\u00a0\u00bb][vc_column width=\u00a0\u00bb1\/2&Prime; css=\u00a0\u00bb.vc_custom_1732577983240{border-radius: 10px !important;}\u00a0\u00bb conditional_render=\u00a0\u00bb%5B%7B%22value_role%22%3A%22administrator%22%7D%5D\u00a0\u00bb css_params=\u00a0\u00bb\u00a0\u00bb]<div class=\"porto-ultimate-content-box-container \" data-appear-animation=\"rubberBand\"><div class=\"porto-ultimate-content-box vc_custom_1749659754026 porto_ucb_e35a9346cd70594d63c013acc42ebe9d\" style=\"\">[vc_custom_heading text=\u00a0\u00bb\u00c9coles \/ Camp de jour\u00a0\u00bb font_container=\u00a0\u00bbtag:h1|font_size:50px|text_align:center|color:%23ffffff\u00a0\u00bb css_params=\u00a0\u00bb\u00a0\u00bb][vc_column_text css=\u00a0\u00bb\u00a0\u00bb text_color=\u00a0\u00bb#ffffff\u00a0\u00bb css_params=\u00a0\u00bb\u00a0\u00bb]<\/p>\n<p style=\"text-align: center;\">&#8211; Acc\u00e8s illimit\u00e9 aux structure de jeux<br \/>\n&#8211; Apporter vos lunchs<br \/>\n&#8211; Table de bo\u00eete \u00e0 lunch r\u00e9serv\u00e9e<br \/>\n&#8211; Adultes admissibles gratuitement varie selon le nombres d\u2019enfants<\/p>\n<p>[\/vc_column_text]<div class=\"porto-u-heading  wpb_custom_95aa9a11c17ad45cfabaf210d84ee7cc porto-u-55ca8359258f9a412be7e73af65d2aac \"><div class=\"porto-u-main-heading\"><h2  >$21.20 + tx \/ Child<\/h2><\/div><style>.porto-u-55ca8359258f9a412be7e73af65d2aac.porto-u-heading{text-align:center}<\/style><\/div><div class=\"porto-u-heading  wpb_custom_95aa9a11c17ad45cfabaf210d84ee7cc porto-u-55ca8359258f9a412be7e73af65d2aac \"><div class=\"porto-u-main-heading\"><h2  >$8.40 + tx par adulte extra<\/h2><\/div><style>.porto-u-55ca8359258f9a412be7e73af65d2aac.porto-u-heading{text-align:center}<\/style><\/div>[vc_btn title=\u00a0\u00bbDemande de r\u00e9servation\u00a0\u00bb style=\u00a0\u00bbmodern\u00a0\u00bb shape=\u00a0\u00bbrounded\u00a0\u00bb color=\u00a0\u00bbprimary\u00a0\u00bb size=\u00a0\u00bbxl\u00a0\u00bb align=\u00a0\u00bbcenter\u00a0\u00bb link=\u00a0\u00bburl:https%3A%2F%2Fzigzagzoo.ca%2Ffr%2Freservation-de-groupe%2F|title:School%20%E2%80%93%20Daycamp%20reservation|\u00a0\u00bb css_params=\u00a0\u00bb\u00a0\u00bb]<\/div><\/div>[vc_empty_space css_params=\u00a0\u00bb\u00a0\u00bb][\/vc_column][vc_column width=\u00a0\u00bb1\/2&Prime; conditional_render=\u00a0\u00bb%5B%7B%22value_role%22%3A%22administrator%22%7D%5D\u00a0\u00bb css_params=\u00a0\u00bb\u00a0\u00bb]<div class=\"porto-ultimate-content-box-container \" data-appear-animation=\"rubberBand\"><div class=\"porto-ultimate-content-box vc_custom_1749659766040 porto_ucb_e35a9346cd70594d63c013acc42ebe9d\" style=\"\">[vc_custom_heading text=\u00a0\u00bbGarderie &#8211; Milieu Familial\u00a0\u00bb font_container=\u00a0\u00bbtag:h1|font_size:50px|text_align:center|color:%23ffffff\u00a0\u00bb css_params=\u00a0\u00bb\u00a0\u00bb][vc_column_text css=\u00a0\u00bb\u00a0\u00bb text_color=\u00a0\u00bb#ffffff\u00a0\u00bb css_params=\u00a0\u00bb\u00a0\u00bb]<\/p>\n<p style=\"text-align: center;\">&#8211; Acc\u00e8s illimit\u00e9 aux structure de jeux<br \/>\n&#8211; Apporter vos lunchs<br \/>\n&#8211; Table de bo\u00eete \u00e0 lunch r\u00e9serv\u00e9e<br \/>\n&#8211; Adultes admissibles gratuitement varie selon le nombres d\u2019enfants<\/p>\n<p>[\/vc_column_text]<div class=\"porto-u-heading  wpb_custom_95aa9a11c17ad45cfabaf210d84ee7cc porto-u-55ca8359258f9a412be7e73af65d2aac \"><div class=\"porto-u-main-heading\"><h2  >$13.25+ tx \/ Child<\/h2><\/div><style>.porto-u-55ca8359258f9a412be7e73af65d2aac.porto-u-heading{text-align:center}<\/style><\/div><div class=\"porto-u-heading  wpb_custom_95aa9a11c17ad45cfabaf210d84ee7cc porto-u-55ca8359258f9a412be7e73af65d2aac \"><div class=\"porto-u-main-heading\"><h2  >$8.40 + tx par adulte extra<\/h2><\/div><style>.porto-u-55ca8359258f9a412be7e73af65d2aac.porto-u-heading{text-align:center}<\/style><\/div>[vc_btn title=\u00a0\u00bbDemande de r\u00e9servation\u00a0\u00bb style=\u00a0\u00bbmodern\u00a0\u00bb shape=\u00a0\u00bbrounded\u00a0\u00bb color=\u00a0\u00bbprimary\u00a0\u00bb size=\u00a0\u00bbxl\u00a0\u00bb align=\u00a0\u00bbcenter\u00a0\u00bb css_params=\u00a0\u00bb\u00a0\u00bb link=\u00a0\u00bburl:https%3A%2F%2Fzigzagzoo.ca%2Ffr%2Freservation-de-garderie%2F|title:Daycare%20reservation%20request|\u00a0\u00bb]<\/div><\/div>[\/vc_column][\/vc_row][vc_row][vc_column][vc_separator border_width=\u00a0\u00bb2&Prime; el_width=\u00a0\u00bb70&Prime; css=\u00a0\u00bb\u00a0\u00bb css_params=\u00a0\u00bb\u00a0\u00bb][vc_column_text css=\u00a0\u00bb\u00a0\u00bb css_params=\u00a0\u00bb\u00a0\u00bb]\n<\/p>\n<p><\/p>\n<h2 style=\"text-align: center;\">Responsabilit\u00e9s et d\u00e9tails<\/h2>\n<p><\/p>\n<p>\n[\/vc_column_text][\/vc_column][\/vc_row][vc_row css=\u00a0\u00bb.vc_custom_1732579331621{margin-top: 25px !important;margin-bottom: 25px !important;}\u00a0\u00bb conditional_render=\u00a0\u00bb%5B%7B%22value_role%22%3A%22administrator%22%7D%5D\u00a0\u00bb css_params=\u00a0\u00bb\u00a0\u00bb][vc_column width=\u00a0\u00bb1\/2&Prime; css=\u00a0\u00bb.vc_custom_1732577983240{border-radius: 10px !important;}\u00a0\u00bb conditional_render=\u00a0\u00bb%5B%7B%22value_role%22%3A%22administrator%22%7D%5D\u00a0\u00bb css_params=\u00a0\u00bb\u00a0\u00bb]<div class=\"porto-ultimate-content-box-container \" data-appear-animation=\"tada\"><div class=\"porto-ultimate-content-box vc_custom_1740753529544 porto_ucb_e35a9346cd70594d63c013acc42ebe9d\" style=\"\">[vc_custom_heading text=\u00a0\u00bbResponsabilit\u00e9s des accompagnateurs:\u00a0\u00bb font_container=\u00a0\u00bbtag:h2|text_align:center|color:%23ffffff\u00a0\u00bb css_params=\u00a0\u00bb\u00a0\u00bb][vc_column_text css=\u00a0\u00bb\u00a0\u00bb text_color=\u00a0\u00bb#ffffff\u00a0\u00bb css_params=\u00a0\u00bb\u00a0\u00bb]<\/p>\n<p style=\"text-align: center;\">&#8211; La surveillance des enfants est assur\u00e9e par les accompagnateurs d\u00e9sign\u00e9s par l\u2019organisme en tout temps.<br \/>\n&#8211; Les accompagnateurs sont responsables des enfants pendant la collation et le diner, ainsi que de leur bon comportement lors de la visite au ZigZagZoo.<br \/>\n&#8211; Afin d\u2019assurer la qualit\u00e9 du service, les heures d\u2019arriv\u00e9e et de d\u00e9part doivent \u00eatre respect\u00e9es.<\/p>\n<p>[\/vc_column_text]<\/div><\/div>[vc_empty_space][\/vc_column][vc_column width=\u00a0\u00bb1\/2&Prime; conditional_render=\u00a0\u00bb%5B%7B%22value_role%22%3A%22administrator%22%7D%5D\u00a0\u00bb css_params=\u00a0\u00bb\u00a0\u00bb]<div class=\"porto-ultimate-content-box-container \" data-appear-animation=\"tada\"><div class=\"porto-ultimate-content-box vc_custom_1740753563812 porto_ucb_e35a9346cd70594d63c013acc42ebe9d\" style=\"\">[vc_custom_heading text=\u00a0\u00bb\u00c0 noter\u00a0\u00bb font_container=\u00a0\u00bbtag:h2|text_align:center|color:%23ffffff\u00a0\u00bb css_params=\u00a0\u00bb\u00a0\u00bb][vc_column_text css=\u00a0\u00bb\u00a0\u00bb text_color=\u00a0\u00bb#ffffff\u00a0\u00bb css_params=\u00a0\u00bb\u00a0\u00bb]\n<\/p>\n<p><\/p>\n<p style=\"text-align: center;\">&#8211; Un depot de 40% peut \u00eatre demander pour la r\u00e9servation<br \/>\n&#8211; Contrat \u00e0 signer et \u00e0 retourner<\/p>\n<p><\/p>\n<p>\n[\/vc_column_text]<\/div><\/div>[\/vc_column][\/vc_row]<\/p>\n<\/div>","protected":false},"excerpt":{"rendered":"<p>[vc_row conditional_render=\u00a0\u00bb%5B%7B%22value_role%22%3A%22administrator%22%7D%5D\u00a0\u00bb css_params=\u00a0\u00bb\u00a0\u00bb][vc_column][vc_column_text css=\u00a0\u00bb\u00a0\u00bb css_params=\u00a0\u00bb\u00a0\u00bb] Forfaits Groupes [\/vc_column_text][vc_single_image image=\u00a0\u00bb3485&Prime; img_size=\u00a0\u00bbfull\u00a0\u00bb alignment=\u00a0\u00bbcenter\u00a0\u00bb css=\u00a0\u00bb\u00a0\u00bb img_object=\u00a0\u00bbfill\u00a0\u00bb css_params=\u00a0\u00bb\u00a0\u00bb][vc_row_inner][vc_column_inner width=\u00a0\u00bb1\/2&Prime;][vc_custom_heading text=\u00a0\u00bbVenez bouger chez ZigZagZoo!\u00a0\u00bb font_container=\u00a0\u00bbtag:h3|text_align:center|color:%2300448f\u00a0\u00bb use_theme_fonts=\u00a0\u00bbyes\u00a0\u00bb css_params=\u00a0\u00bb\u00a0\u00bb][vc_column_text css=\u00a0\u00bb\u00a0\u00bb css_params=\u00a0\u00bb\u00a0\u00bb] Forfaits disponibles pour les \u00e9coles, garderies, camps, forfaits de No\u00ebl, \u00e9v\u00e8nements corporatifs, et associations sportives. Comme \u00e9ducateurs ou professeurs vous \u00eates constamment \u00e0 la recherche d&rsquo;un environnement s\u00e9curitaire, propre et amusant [&hellip;]<\/p>\n","protected":false},"author":1,"featured_media":0,"parent":0,"menu_order":0,"comment_status":"closed","ping_status":"closed","template":"","meta":{"footnotes":""},"class_list":["post-3616","page","type-page","status-publish","hentry"],"_links":{"self":[{"href":"https:\/\/zigzagzoo.ca\/fr\/wp-json\/wp\/v2\/pages\/3616","targetHints":{"allow":["GET"]}}],"collection":[{"href":"https:\/\/zigzagzoo.ca\/fr\/wp-json\/wp\/v2\/pages"}],"about":[{"href":"https:\/\/zigzagzoo.ca\/fr\/wp-json\/wp\/v2\/types\/page"}],"author":[{"embeddable":true,"href":"https:\/\/zigzagzoo.ca\/fr\/wp-json\/wp\/v2\/users\/1"}],"replies":[{"embeddable":true,"href":"https:\/\/zigzagzoo.ca\/fr\/wp-json\/wp\/v2\/comments?post=3616"}],"version-history":[{"count":68,"href":"https:\/\/zigzagzoo.ca\/fr\/wp-json\/wp\/v2\/pages\/3616\/revisions"}],"predecessor-version":[{"id":5396,"href":"https:\/\/zigzagzoo.ca\/fr\/wp-json\/wp\/v2\/pages\/3616\/revisions\/5396"}],"wp:attachment":[{"href":"https:\/\/zigzagzoo.ca\/fr\/wp-json\/wp\/v2\/media?parent=3616"}],"curies":[{"name":"wp","href":"https:\/\/api.w.org\/{rel}","templated":true}]}}