{"id":3549,"date":"2016-06-20T07:48:11","date_gmt":"2016-06-20T11:48:11","guid":{"rendered":"https:\/\/zigzagzoo.ca\/home\/"},"modified":"2026-05-01T08:44:57","modified_gmt":"2026-05-01T12:44:57","slug":"home","status":"publish","type":"page","link":"https:\/\/zigzagzoo.ca\/fr\/","title":{"rendered":"Acceuil"},"content":{"rendered":"<div class=\"wpb-content-wrapper\"><p>[vc_row no_padding=\u00a0\u00bbyes\u00a0\u00bb full_height=\u00a0\u00bbyes\u00a0\u00bb video_bg=\u00a0\u00bbyes\u00a0\u00bb video_bg_url=\u00a0\u00bbhttps:\/\/www.youtube.com\/watch?v=wj-3A-P3w_4&Prime; conditional_render=\u00a0\u00bb%5B%7B%22value_role%22%3A%22administrator%22%7D%5D\u00a0\u00bb css_params=\u00a0\u00bb\u00a0\u00bb][vc_column conditional_render=\u00a0\u00bb%5B%7B%22value_role%22%3A%22administrator%22%7D%5D\u00a0\u00bb css_params=\u00a0\u00bb\u00a0\u00bb]<div class=\"porto-ibanner interactive-banner-wrap-4bdde4d2ff109c47370178490cb63128\" style=\"min-height:400px;\"><style scope=\"scope\">.interactive-banner-wrap-4bdde4d2ff109c47370178490cb63128 .porto-ibanner-img{opacity:0.6;}<\/style><div class=\"porto-ibanner-desc no-padding d-flex\"><div class=\"container\"><div class=\"porto-ibanner-container\"><div class=\"porto-ibanner-layer wpb_custom_2c5109c031829f9c54153ed0e6239ff6 banner-pos-f8368128b82141b4b8b5eb95fc4f230f\"><div class=\"porto-ultimate-content-box-container position-relative\" data-appear-animation=\"fadeInDown\" data-appear-animation-delay=\"200\"><div class=\"porto-ultimate-content-box porto_ucb_e35a9346cd70594d63c013acc42ebe9d\" style=\"\">[vc_custom_heading text=\u00a0\u00bbCentre\u00a0\u00bb font_container=\u00a0\u00bbtag:h1|font_size:6em|text_align:center|color:%23ffffff|line_height:44px\u00a0\u00bb use_theme_fonts=\u00a0\u00bbyes\u00a0\u00bb text_transform=\u00a0\u00bbtext-uppercase\u00a0\u00bb font_weight=\u00a0\u00bb800&Prime; letter_spacing=\u00a0\u00bb-2.45px\u00a0\u00bb animation_duration=\u00a0\u00bb2000&Prime; el_class=\u00a0\u00bbmb-3 text-nowrap mx-2 d-flex justify-content-center\u00a0\u00bb animation_type=\u00a0\u00bbzoomIn\u00a0\u00bb css_params=\u00a0\u00bb\u00a0\u00bb]<div class=\"porto-u-heading  wpb_custom_ebd143cd4822ea54f32d1f87458b7116 porto-u-55ca8359258f9a412be7e73af65d2aac  vc_custom_1749673836612\" data-appear-animation=\"fadeIn\" data-appear-animation-delay=\"600\"><div class=\"porto-u-main-heading\"><h2   style=\"color:#ffffff;margin-bottom: 0px;\">d&#039;Amusement<\/h2><\/div><style>.porto-u-55ca8359258f9a412be7e73af65d2aac.porto-u-heading{text-align:center}<\/style><\/div>[vc_custom_heading text=\u00a0\u00bbM\u00e9ga G\u00e9ant \u00a0\u00bb font_container=\u00a0\u00bbtag:h4|font_size:3em|text_align:center|color:%23ffffff|line_height:1.5em\u00a0\u00bb use_theme_fonts=\u00a0\u00bbyes\u00a0\u00bb text_transform=\u00a0\u00bbtext-uppercase\u00a0\u00bb font_weight=\u00a0\u00bb500&Prime; letter_spacing=\u00a0\u00bb-1.05px\u00a0\u00bb animation_duration=\u00a0\u00bb2000&Prime; animation_delay=\u00a0\u00bb1200&Prime; css=\u00a0\u00bb.vc_custom_1746713587666{padding-top: 20px !important;}\u00a0\u00bb class=\u00a0\u00bb\u00ab\u00a0w-auto\u00ab\u00a0\u00a0\u00bb src=\u00a0\u00bb\u00ab\u00a0http:\/\/sw-themes.com\/porto_dummy\/wp-content\/uploads\/2021\/07\/co-slide-blue-line.png\u00ab\u00a0\u00a0\u00bb alt=\u00a0\u00bb\u00ab\u00a0slide\u00a0\u00bb width=\u00a0\u00bb\u00ab\u00a052\u00ab\u00a0\u00a0\u00bb height=\u00a0\u00bb\u00ab\u00a08\u00ab\u00a0\u00a0\u00bb css_params=\u00a0\u00bb\u00a0\u00bb animation_type=\u00a0\u00bbswing\u00a0\u00bb]<\/div><\/div><style>.banner-pos-f8368128b82141b4b8b5eb95fc4f230f {left: 50%;right: unset;transform: translateX(-50%);top:20%; bottom: unset;}<\/style><\/div><\/div><\/div><\/div><\/div>[\/vc_column][\/vc_row][vc_row conditional_render=\u00a0\u00bb%5B%5D\u00a0\u00bb css_params=\u00a0\u00bb\u00a0\u00bb css=\u00a0\u00bb.vc_custom_1756822904448{padding-top: 25px !important;background-color: #2c4492 !important;}\u00a0\u00bb][vc_column]<div class=\"porto-ultimate-content-box-container \"><div class=\"porto-ultimate-content-box vc_custom_1752070699068 porto_ucb_e35a9346cd70594d63c013acc42ebe9d\" style=\"\">[vc_column_text css=\u00a0\u00bb\u00a0\u00bb text_color=\u00a0\u00bb#ffffff\u00a0\u00bb css_params=\u00a0\u00bb\u00a0\u00bb]<\/p>\n<h1 style=\"text-align: center;\">Nouvelles<\/h1>\n<p>[\/vc_column_text][vc_empty_space css_params=\u00a0\u00bb\u00a0\u00bb]<\/div><\/div>[\/vc_column][\/vc_row][vc_row conditional_render=\u00a0\u00bb%5B%7B%22value_role%22%3A%22administrator%22%7D%5D\u00a0\u00bb css_params=\u00a0\u00bb\u00a0\u00bb css=\u00a0\u00bb.vc_custom_1752791512076{padding-top: 15px !important;}\u00a0\u00bb][vc_column width=\u00a0\u00bb1\/2&Prime;]<div class=\"porto-ultimate-content-box-container \"><div class=\"porto-ultimate-content-box vc_custom_1743002799614 porto_ucb_e35a9346cd70594d63c013acc42ebe9d\" style=\"\">[vc_column_text css=\u00a0\u00bb.vc_custom_1749673270598{padding-top: 10px !important;padding-right: 10px !important;padding-bottom: 10px !important;padding-left: 10px !important;}\u00a0\u00bb text_color=\u00a0\u00bb#ffffff\u00a0\u00bb css_params=\u00a0\u00bb\u00a0\u00bb]<\/p>\n<h1 style=\"color: #fff;\">Aire de jeux int\u00e9rieure pour enfants!<\/h1>\n<p><\/p>\n<p style=\"color: #fff;\">Un immense espace int\u00e9rieur qui encourage les enfants de 12 ans et moins ainsi que leurs parents \u00e0 bouger, grimper, glisser et explorer dans un environnement propre et s\u00e9curitaire!<\/p>\n<p><\/p>\n<p style=\"color: #fff;\">ZigZagZoo vous offre des salles priv\u00e9es pour les f\u00eates d&rsquo;enfants, familiales, corporatives et d&rsquo;associations sportives, des animateurs qualifi\u00e9s pour agr\u00e9menter vos heures de plaisir, notre mascotte Zooky, un casse-cro\u00fbte avec option sant\u00e9 et beaucoup plus!<\/p>\n<p><\/p>\n<p style=\"color: #fff;\"><strong>On vous attend \u00e0 bras ouverts!<\/strong><\/p>\n<p>[\/vc_column_text]<\/div><\/div>[\/vc_column][vc_column width=\u00a0\u00bb1\/2&Prime; el_class=\u00a0\u00bbyoutube-video\u00a0\u00bb conditional_render=\u00a0\u00bb%5B%7B%22value_role%22%3A%22administrator%22%7D%5D\u00a0\u00bb css_params=\u00a0\u00bb\u00a0\u00bb][vc_raw_html css=\u00a0\u00bb\u00a0\u00bb css_params=\u00a0\u00bb\u00a0\u00bb]PGlmcmFtZSBzdHlsZT0iYm9yZGVyLXJhZGl1czogMTVweDsiIHdpZHRoPSI5OTIiIGhlaWdodD0iNTU4IiBzcmM9Imh0dHBzOi8vd3d3LnlvdXR1YmUuY29tL2VtYmVkL2tjbWIzU1J0NzhrP3JlbD0wIiB0aXRsZT0iWmlnIFphZyBab28gcHJvbW8gdmlkZW8iIGZyYW1lYm9yZGVyPSIwIiBhbGxvdz0iYWNjZWxlcm9tZXRlcjsgYXV0b3BsYXk7IGNsaXBib2FyZC13cml0ZTsgZW5jcnlwdGVkLW1lZGlhOyBneXJvc2NvcGU7IHBpY3R1cmUtaW4tcGljdHVyZTsgd2ViLXNoYXJlIiByZWZlcnJlcnBvbGljeT0ic3RyaWN0LW9yaWdpbi13aGVuLWNyb3NzLW9yaWdpbiIgYWxsb3dmdWxsc2NyZWVuPjwvaWZyYW1lPg==[\/vc_raw_html][\/vc_column][\/vc_row][vc_row gap=\u00a0\u00bb15&Prime; conditional_render=\u00a0\u00bb%5B%7B%22value_role%22%3A%22administrator%22%7D%5D\u00a0\u00bb css_params=\u00a0\u00bb\u00a0\u00bb css=\u00a0\u00bb.vc_custom_1732551250195{padding-top: 25px !important;background-color: #ffffff !important;}\u00a0\u00bb][vc_column width=\u00a0\u00bb1\/4&Prime; css=\u00a0\u00bb.vc_custom_1752791294271{border-radius: 10px !important;}\u00a0\u00bb conditional_render=\u00a0\u00bb%5B%7B%22value_role%22%3A%22administrator%22%7D%5D\u00a0\u00bb css_params=\u00a0\u00bb\u00a0\u00bb custom_css_response=\u00a0\u00bb@media(max-width:porto-xxlpx){.vc_custom_1732550580842{margin-right:10px!important;margin-left:-10px!important;}}@media(max-width:porto-xlpx){.vc_custom_1732550580842{margin-right:10px!important;margin-left:-10px!important;}}\u00a0\u00bb]<div class=\"porto-ultimate-content-box-container \"><div class=\"porto-ultimate-content-box vc_custom_1752080027790 porto_ucb_e35a9346cd70594d63c013acc42ebe9d\" style=\"\">[vc_column_text css=\u00a0\u00bb.vc_custom_1732547501269{padding-top: 20px !important;}\u00a0\u00bb text_color=\u00a0\u00bb#ffffff\u00a0\u00bb]<\/p>\n<h1 style=\"text-align: center;\">Forfaits F\u00eates<\/h1>\n<p><\/p>\n<p style=\"text-align: center;\">Des forfaits cr\u00e9\u00e9s pour satisfaire vos diff\u00e9rents besoins pour l&rsquo;anniversaire de votre enfant!<\/p>\n<p>[\/vc_column_text][vc_btn title=\u00a0\u00bbEn savoir plus\u00a0\u00bb style=\u00a0\u00bbmodern\u00a0\u00bb shape=\u00a0\u00bbrounded\u00a0\u00bb color=\u00a0\u00bbprimary\u00a0\u00bb size=\u00a0\u00bbxl\u00a0\u00bb align=\u00a0\u00bbcenter\u00a0\u00bb css_params=\u00a0\u00bb\u00a0\u00bb link=\u00a0\u00bburl:https%3A%2F%2Fzigzagzoo.ca%2Ffr%2Fforfaits-fetes%2F|title:Forfaits%20F%C3%AAtes|\u00a0\u00bb][vc_empty_space]<\/div><\/div>[\/vc_column][vc_column width=\u00a0\u00bb1\/4&Prime; conditional_render=\u00a0\u00bb%5B%7B%22value_role%22%3A%22administrator%22%7D%5D\u00a0\u00bb css_params=\u00a0\u00bb\u00a0\u00bb]<div class=\"porto-ultimate-content-box-container \"><div class=\"porto-ultimate-content-box vc_custom_1742581400135 porto_ucb_e35a9346cd70594d63c013acc42ebe9d\" style=\"\">[vc_column_text css=\u00a0\u00bb.vc_custom_1749674718647{padding-top: 20px !important;}\u00a0\u00bb text_color=\u00a0\u00bb#ffffff\u00a0\u00bb css_params=\u00a0\u00bb\u00a0\u00bb]<\/p>\n<h1 style=\"text-align: center;\">Forfaits Groupes<\/h1>\n<p><\/p>\n<p style=\"text-align: center;\">Forfaits Groupes disponible pour les \u00e9coles, garderies, camps et f\u00eates de No\u00ebl!<\/p>\n<p>[\/vc_column_text][vc_btn title=\u00a0\u00bbEn savoir plus\u00a0\u00bb style=\u00a0\u00bbmodern\u00a0\u00bb shape=\u00a0\u00bbrounded\u00a0\u00bb color=\u00a0\u00bbprimary\u00a0\u00bb size=\u00a0\u00bbxl\u00a0\u00bb align=\u00a0\u00bbcenter\u00a0\u00bb css_params=\u00a0\u00bb\u00a0\u00bb link=\u00a0\u00bburl:https%3A%2F%2Fzigzagzoo.ca%2Ffr%2Fforfaits-groupes%2F|title:Forfaits%20Groupes|\u00a0\u00bb][vc_empty_space]<\/div><\/div>[\/vc_column][vc_column width=\u00a0\u00bb1\/4&Prime; conditional_render=\u00a0\u00bb%5B%7B%22value_role%22%3A%22administrator%22%7D%5D\u00a0\u00bb css_params=\u00a0\u00bb\u00a0\u00bb]<div class=\"porto-ultimate-content-box-container \"><div class=\"porto-ultimate-content-box vc_custom_1765305305083 porto_ucb_e35a9346cd70594d63c013acc42ebe9d\" style=\"\">[vc_column_text css=\u00a0\u00bb.vc_custom_1760028097537{padding-top: 20px !important;}\u00a0\u00bb text_color=\u00a0\u00bb#ffffff\u00a0\u00bb css_params=\u00a0\u00bb\u00a0\u00bb]<\/p>\n<h1 style=\"text-align: center;\">Carte de membre<\/h1>\n<p><\/p>\n<p style=\"text-align: center;\">Acc\u00e8s illimit\u00e9 pour un enfant et un adulte !<\/p>\n<p>[\/vc_column_text][vc_btn title=\u00a0\u00bbAchat\u00a0\u00bb style=\u00a0\u00bbmodern\u00a0\u00bb shape=\u00a0\u00bbrounded\u00a0\u00bb color=\u00a0\u00bbprimary\u00a0\u00bb size=\u00a0\u00bbxl\u00a0\u00bb align=\u00a0\u00bbcenter\u00a0\u00bb css_params=\u00a0\u00bb\u00a0\u00bb link=\u00a0\u00bburl:https%3A%2F%2Fzigzagzoo.ca%2Ffr%2Fmembership-registration%2F|title:Demande%20d%27inscription%20comme%20membre|\u00a0\u00bb][vc_empty_space]<\/div><\/div>[\/vc_column][vc_column width=\u00a0\u00bb1\/4&Prime;]<div class=\"porto-ultimate-content-box-container \"><div class=\"porto-ultimate-content-box vc_custom_1765900458375 porto_ucb_e35a9346cd70594d63c013acc42ebe9d\" style=\"\">[vc_column_text css=\u00a0\u00bb.vc_custom_1765900277144{padding-top: 20px !important;}\u00a0\u00bb text_color=\u00a0\u00bb#ffffff\u00a0\u00bb css_params=\u00a0\u00bb\u00a0\u00bb]\n<\/p>\n<p><\/p>\n<h1 style=\"text-align: center;\">Cartes cadeaux<\/h1>\n<p><\/p>\n<p style=\"text-align: center;\">Offrez un cadeau de divertissement sans fin ! Procurez-vous une carte-cadeau num\u00e9rique ZigZagZoo.<\/p>\n<p><\/p>\n<p>\n[\/vc_column_text][vc_btn title=\u00a0\u00bbAchat\u00a0\u00bb style=\u00a0\u00bbmodern\u00a0\u00bb shape=\u00a0\u00bbrounded\u00a0\u00bb color=\u00a0\u00bbprimary\u00a0\u00bb size=\u00a0\u00bbxl\u00a0\u00bb align=\u00a0\u00bbcenter\u00a0\u00bb css_params=\u00a0\u00bb\u00a0\u00bb link=\u00a0\u00bburl:https%3A%2F%2Fapp.pintuna.com%2Fcard%2F002120de-b67e-4579-9171-fd5ca0abcf0f%2F|title:Cartes%20cadeaux|\u00a0\u00bb][vc_empty_space]<\/div><\/div>[\/vc_column][\/vc_row]<\/p>\n<\/div>","protected":false},"excerpt":{"rendered":"<p>[vc_row no_padding=\u00a0\u00bbyes\u00a0\u00bb full_height=\u00a0\u00bbyes\u00a0\u00bb video_bg=\u00a0\u00bbyes\u00a0\u00bb video_bg_url=\u00a0\u00bbhttps:\/\/www.youtube.com\/watch?v=wj-3A-P3w_4&Prime; conditional_render=\u00a0\u00bb%5B%7B%22value_role%22%3A%22administrator%22%7D%5D\u00a0\u00bb css_params=\u00a0\u00bb\u00a0\u00bb][vc_column conditional_render=\u00a0\u00bb%5B%7B%22value_role%22%3A%22administrator%22%7D%5D\u00a0\u00bb css_params=\u00a0\u00bb\u00a0\u00bb][\/vc_column][\/vc_row][vc_row conditional_render=\u00a0\u00bb%5B%5D\u00a0\u00bb css_params=\u00a0\u00bb\u00a0\u00bb css=\u00a0\u00bb.vc_custom_1756822904448{padding-top: 25px !important;background-color: #2c4492 !important;}\u00a0\u00bb][vc_column][\/vc_column][\/vc_row][vc_row conditional_render=\u00a0\u00bb%5B%7B%22value_role%22%3A%22administrator%22%7D%5D\u00a0\u00bb css_params=\u00a0\u00bb\u00a0\u00bb css=\u00a0\u00bb.vc_custom_1752791512076{padding-top: 15px !important;}\u00a0\u00bb][vc_column width=\u00a0\u00bb1\/2&Prime;][\/vc_column][vc_column width=\u00a0\u00bb1\/2&Prime; el_class=\u00a0\u00bbyoutube-video\u00a0\u00bb conditional_render=\u00a0\u00bb%5B%7B%22value_role%22%3A%22administrator%22%7D%5D\u00a0\u00bb css_params=\u00a0\u00bb\u00a0\u00bb][vc_raw_html css=\u00a0\u00bb\u00a0\u00bb css_params=\u00a0\u00bb\u00a0\u00bb]PGlmcmFtZSBzdHlsZT0iYm9yZGVyLXJhZGl1czogMTVweDsiIHdpZHRoPSI5OTIiIGhlaWdodD0iNTU4IiBzcmM9Imh0dHBzOi8vd3d3LnlvdXR1YmUuY29tL2VtYmVkL2tjbWIzU1J0NzhrP3JlbD0wIiB0aXRsZT0iWmlnIFphZyBab28gcHJvbW8gdmlkZW8iIGZyYW1lYm9yZGVyPSIwIiBhbGxvdz0iYWNjZWxlcm9tZXRlcjsgYXV0b3BsYXk7IGNsaXBib2FyZC13cml0ZTsgZW5jcnlwdGVkLW1lZGlhOyBneXJvc2NvcGU7IHBpY3R1cmUtaW4tcGljdHVyZTsgd2ViLXNoYXJlIiByZWZlcnJlcnBvbGljeT0ic3RyaWN0LW9yaWdpbi13aGVuLWNyb3NzLW9yaWdpbiIgYWxsb3dmdWxsc2NyZWVuPjwvaWZyYW1lPg==[\/vc_raw_html][\/vc_column][\/vc_row][vc_row gap=\u00a0\u00bb15&Prime; conditional_render=\u00a0\u00bb%5B%7B%22value_role%22%3A%22administrator%22%7D%5D\u00a0\u00bb css_params=\u00a0\u00bb\u00a0\u00bb css=\u00a0\u00bb.vc_custom_1732551250195{padding-top: 25px !important;background-color: #ffffff !important;}\u00a0\u00bb][vc_column width=\u00a0\u00bb1\/4&Prime; css=\u00a0\u00bb.vc_custom_1752791294271{border-radius: 10px !important;}\u00a0\u00bb conditional_render=\u00a0\u00bb%5B%7B%22value_role%22%3A%22administrator%22%7D%5D\u00a0\u00bb css_params=\u00a0\u00bb\u00a0\u00bb custom_css_response=\u00a0\u00bb@media(max-width:porto-xxlpx){.vc_custom_1732550580842{margin-right:10px!important;margin-left:-10px!important;}}@media(max-width:porto-xlpx){.vc_custom_1732550580842{margin-right:10px!important;margin-left:-10px!important;}}\u00a0\u00bb][\/vc_column][vc_column width=\u00a0\u00bb1\/4&Prime; conditional_render=\u00a0\u00bb%5B%7B%22value_role%22%3A%22administrator%22%7D%5D\u00a0\u00bb css_params=\u00a0\u00bb\u00a0\u00bb][\/vc_column][vc_column width=\u00a0\u00bb1\/4&Prime; conditional_render=\u00a0\u00bb%5B%7B%22value_role%22%3A%22administrator%22%7D%5D\u00a0\u00bb css_params=\u00a0\u00bb\u00a0\u00bb][\/vc_column][vc_column width=\u00a0\u00bb1\/4&Prime;][\/vc_column][\/vc_row]<\/p>\n","protected":false},"author":1,"featured_media":0,"parent":0,"menu_order":0,"comment_status":"closed","ping_status":"closed","template":"","meta":{"footnotes":""},"class_list":["post-3549","page","type-page","status-publish","hentry"],"_links":{"self":[{"href":"https:\/\/zigzagzoo.ca\/fr\/wp-json\/wp\/v2\/pages\/3549","targetHints":{"allow":["GET"]}}],"collection":[{"href":"https:\/\/zigzagzoo.ca\/fr\/wp-json\/wp\/v2\/pages"}],"about":[{"href":"https:\/\/zigzagzoo.ca\/fr\/wp-json\/wp\/v2\/types\/page"}],"author":[{"embeddable":true,"href":"https:\/\/zigzagzoo.ca\/fr\/wp-json\/wp\/v2\/users\/1"}],"replies":[{"embeddable":true,"href":"https:\/\/zigzagzoo.ca\/fr\/wp-json\/wp\/v2\/comments?post=3549"}],"version-history":[{"count":158,"href":"https:\/\/zigzagzoo.ca\/fr\/wp-json\/wp\/v2\/pages\/3549\/revisions"}],"predecessor-version":[{"id":5468,"href":"https:\/\/zigzagzoo.ca\/fr\/wp-json\/wp\/v2\/pages\/3549\/revisions\/5468"}],"wp:attachment":[{"href":"https:\/\/zigzagzoo.ca\/fr\/wp-json\/wp\/v2\/media?parent=3549"}],"curies":[{"name":"wp","href":"https:\/\/api.w.org\/{rel}","templated":true}]}}